{"id":910,"date":"2022-02-02T15:21:14","date_gmt":"2022-02-02T15:21:14","guid":{"rendered":"https:\/\/casapopenoe.ufm.edu\/grabados-japoneses\/?page_id=910"},"modified":"2022-03-15T21:17:39","modified_gmt":"2022-03-15T21:17:39","slug":"agradecimientos","status":"publish","type":"page","link":"https:\/\/casapopenoe.ufm.edu\/grabados-japoneses\/agradecimientos\/","title":{"rendered":"Cr\u00e9ditos"},"content":{"rendered":"\n\n\t<strong>Coordinaci\u00f3n:<\/strong> Mart\u00edn Fern\u00e1ndez-Ord\u00f3\u00f1ez\nCurador de Casa Popenoe, Universidad Francisco Marroqu\u00edn\n<p>&nbsp;<\/p>\n<strong>Curadur\u00eda y textos:<\/strong> Amaury A. Garc\u00eda Rodr\u00edguez\nDirector del Centro de Estudios de Asia y \u00c1frica, El Colegio de M\u00e9xico\n<p>&nbsp;<\/p>\n<strong>Revisi\u00f3n y edici\u00f3n:<\/strong> Katherinne del Valle, Brenda Galindo\nExploraciones sobre la Historia, Universidad Francisco Marroqu\u00edn\n<p>&nbsp;<\/p>\n<strong>Programaci\u00f3n y diagramaci\u00f3n:<\/strong> UFM Labs\nUniversidad Francisco Marroqu\u00edn\n<p>&nbsp;<\/p>\n<strong>Agradecimientos especiales:<\/strong> Jaqueline de Le\u00f3n\nDirectora de la Biblioteca Ludwig von Mises, Universidad Francisco Marroqu\u00edn\n\n","protected":false},"excerpt":{"rendered":"<p>Coordinaci\u00f3n: Mart\u00edn Fern\u00e1ndez-Ord\u00f3\u00f1ez Curador de Casa Popenoe, Universidad Francisco Marroqu\u00edn &nbsp; Curadur\u00eda y textos: Amaury A. Garc\u00eda Rodr\u00edguez Director del Centro de Estudios de Asia y \u00c1frica, El Colegio de M\u00e9xico &nbsp; Revisi\u00f3n y edici\u00f3n: Katherinne del Valle, Brenda Galindo Exploraciones sobre la Historia, Universidad Francisco Marroqu\u00edn &nbsp; Programaci\u00f3n y diagramaci\u00f3n: UFM Labs Universidad Francisco&hellip;<\/p>\n","protected":false},"author":1,"featured_media":0,"parent":0,"menu_order":0,"comment_status":"closed","ping_status":"closed","template":"","meta":{"footnotes":""},"class_list":["post-910","page","type-page","status-publish","hentry"],"yoast_head":"<!-- This site is optimized with the Yoast SEO plugin v18.3 - https:\/\/yoast.com\/wordpress\/plugins\/seo\/ -->\n<title>Cr\u00e9ditos - El nuevo grabado japon\u00e9s (shin-hanga) en la colecci\u00f3n de la Casa Popenoe<\/title>\n<meta name=\"robots\" content=\"index, follow, max-snippet:-1, max-image-preview:large, max-video-preview:-1\" \/>\n<link rel=\"canonical\" href=\"https:\/\/casapopenoe.ufm.edu\/grabados-japoneses\/agradecimientos\/\" \/>\n<meta property=\"og:locale\" content=\"es_ES\" \/>\n<meta property=\"og:type\" content=\"article\" \/>\n<meta property=\"og:title\" content=\"Cr\u00e9ditos - El nuevo grabado japon\u00e9s (shin-hanga) en la colecci\u00f3n de la Casa Popenoe\" \/>\n<meta property=\"og:description\" content=\"Coordinaci\u00f3n: Mart\u00edn Fern\u00e1ndez-Ord\u00f3\u00f1ez Curador de Casa Popenoe, Universidad Francisco Marroqu\u00edn &nbsp; Curadur\u00eda y textos: Amaury A. Garc\u00eda Rodr\u00edguez Director del Centro de Estudios de Asia y \u00c1frica, El Colegio de M\u00e9xico &nbsp; Revisi\u00f3n y edici\u00f3n: Katherinne del Valle, Brenda Galindo Exploraciones sobre la Historia, Universidad Francisco Marroqu\u00edn &nbsp; Programaci\u00f3n y diagramaci\u00f3n: UFM Labs Universidad Francisco&hellip;\" \/>\n<meta property=\"og:url\" content=\"https:\/\/casapopenoe.ufm.edu\/grabados-japoneses\/agradecimientos\/\" \/>\n<meta property=\"og:site_name\" content=\"El nuevo grabado japon\u00e9s (shin-hanga) en la colecci\u00f3n de la Casa Popenoe\" \/>\n<meta property=\"article:modified_time\" content=\"2022-03-15T21:17:39+00:00\" \/>\n<meta name=\"twitter:card\" content=\"summary_large_image\" \/>\n<script type=\"application\/ld+json\" class=\"yoast-schema-graph\">{\"@context\":\"https:\/\/schema.org\",\"@graph\":[{\"@type\":\"WebSite\",\"@id\":\"https:\/\/casapopenoe.ufm.edu\/grabados-japoneses\/#website\",\"url\":\"https:\/\/casapopenoe.ufm.edu\/grabados-japoneses\/\",\"name\":\"El nuevo grabado japon\u00e9s (shin-hanga) en la colecci\u00f3n de la Casa Popenoe\",\"description\":\"\",\"potentialAction\":[{\"@type\":\"SearchAction\",\"target\":{\"@type\":\"EntryPoint\",\"urlTemplate\":\"https:\/\/casapopenoe.ufm.edu\/grabados-japoneses\/?s={search_term_string}\"},\"query-input\":\"required name=search_term_string\"}],\"inLanguage\":\"es\"},{\"@type\":\"WebPage\",\"@id\":\"https:\/\/casapopenoe.ufm.edu\/grabados-japoneses\/agradecimientos\/#webpage\",\"url\":\"https:\/\/casapopenoe.ufm.edu\/grabados-japoneses\/agradecimientos\/\",\"name\":\"Cr\u00e9ditos - El nuevo grabado japon\u00e9s (shin-hanga) en la colecci\u00f3n de la Casa Popenoe\",\"isPartOf\":{\"@id\":\"https:\/\/casapopenoe.ufm.edu\/grabados-japoneses\/#website\"},\"datePublished\":\"2022-02-02T15:21:14+00:00\",\"dateModified\":\"2022-03-15T21:17:39+00:00\",\"breadcrumb\":{\"@id\":\"https:\/\/casapopenoe.ufm.edu\/grabados-japoneses\/agradecimientos\/#breadcrumb\"},\"inLanguage\":\"es\",\"potentialAction\":[{\"@type\":\"ReadAction\",\"target\":[\"https:\/\/casapopenoe.ufm.edu\/grabados-japoneses\/agradecimientos\/\"]}]},{\"@type\":\"BreadcrumbList\",\"@id\":\"https:\/\/casapopenoe.ufm.edu\/grabados-japoneses\/agradecimientos\/#breadcrumb\",\"itemListElement\":[{\"@type\":\"ListItem\",\"position\":1,\"name\":\"Portada\",\"item\":\"https:\/\/casapopenoe.ufm.edu\/grabados-japoneses\/\"},{\"@type\":\"ListItem\",\"position\":2,\"name\":\"Cr\u00e9ditos\"}]}]}<\/script>\n<!-- \/ Yoast SEO plugin. -->","yoast_head_json":{"title":"Cr\u00e9ditos - El nuevo grabado japon\u00e9s (shin-hanga) en la colecci\u00f3n de la Casa Popenoe","robots":{"index":"index","follow":"follow","max-snippet":"max-snippet:-1","max-image-preview":"max-image-preview:large","max-video-preview":"max-video-preview:-1"},"canonical":"https:\/\/casapopenoe.ufm.edu\/grabados-japoneses\/agradecimientos\/","og_locale":"es_ES","og_type":"article","og_title":"Cr\u00e9ditos - El nuevo grabado japon\u00e9s (shin-hanga) en la colecci\u00f3n de la Casa Popenoe","og_description":"Coordinaci\u00f3n: Mart\u00edn Fern\u00e1ndez-Ord\u00f3\u00f1ez Curador de Casa Popenoe, Universidad Francisco Marroqu\u00edn &nbsp; Curadur\u00eda y textos: Amaury A. Garc\u00eda Rodr\u00edguez Director del Centro de Estudios de Asia y \u00c1frica, El Colegio de M\u00e9xico &nbsp; Revisi\u00f3n y edici\u00f3n: Katherinne del Valle, Brenda Galindo Exploraciones sobre la Historia, Universidad Francisco Marroqu\u00edn &nbsp; Programaci\u00f3n y diagramaci\u00f3n: UFM Labs Universidad Francisco&hellip;","og_url":"https:\/\/casapopenoe.ufm.edu\/grabados-japoneses\/agradecimientos\/","og_site_name":"El nuevo grabado japon\u00e9s (shin-hanga) en la colecci\u00f3n de la Casa Popenoe","article_modified_time":"2022-03-15T21:17:39+00:00","twitter_card":"summary_large_image","schema":{"@context":"https:\/\/schema.org","@graph":[{"@type":"WebSite","@id":"https:\/\/casapopenoe.ufm.edu\/grabados-japoneses\/#website","url":"https:\/\/casapopenoe.ufm.edu\/grabados-japoneses\/","name":"El nuevo grabado japon\u00e9s (shin-hanga) en la colecci\u00f3n de la Casa Popenoe","description":"","potentialAction":[{"@type":"SearchAction","target":{"@type":"EntryPoint","urlTemplate":"https:\/\/casapopenoe.ufm.edu\/grabados-japoneses\/?s={search_term_string}"},"query-input":"required name=search_term_string"}],"inLanguage":"es"},{"@type":"WebPage","@id":"https:\/\/casapopenoe.ufm.edu\/grabados-japoneses\/agradecimientos\/#webpage","url":"https:\/\/casapopenoe.ufm.edu\/grabados-japoneses\/agradecimientos\/","name":"Cr\u00e9ditos - El nuevo grabado japon\u00e9s (shin-hanga) en la colecci\u00f3n de la Casa Popenoe","isPartOf":{"@id":"https:\/\/casapopenoe.ufm.edu\/grabados-japoneses\/#website"},"datePublished":"2022-02-02T15:21:14+00:00","dateModified":"2022-03-15T21:17:39+00:00","breadcrumb":{"@id":"https:\/\/casapopenoe.ufm.edu\/grabados-japoneses\/agradecimientos\/#breadcrumb"},"inLanguage":"es","potentialAction":[{"@type":"ReadAction","target":["https:\/\/casapopenoe.ufm.edu\/grabados-japoneses\/agradecimientos\/"]}]},{"@type":"BreadcrumbList","@id":"https:\/\/casapopenoe.ufm.edu\/grabados-japoneses\/agradecimientos\/#breadcrumb","itemListElement":[{"@type":"ListItem","position":1,"name":"Portada","item":"https:\/\/casapopenoe.ufm.edu\/grabados-japoneses\/"},{"@type":"ListItem","position":2,"name":"Cr\u00e9ditos"}]}]}},"meta_box":[],"_links":{"self":[{"href":"https:\/\/casapopenoe.ufm.edu\/grabados-japoneses\/wp-json\/wp\/v2\/pages\/910","targetHints":{"allow":["GET"]}}],"collection":[{"href":"https:\/\/casapopenoe.ufm.edu\/grabados-japoneses\/wp-json\/wp\/v2\/pages"}],"about":[{"href":"https:\/\/casapopenoe.ufm.edu\/grabados-japoneses\/wp-json\/wp\/v2\/types\/page"}],"author":[{"embeddable":true,"href":"https:\/\/casapopenoe.ufm.edu\/grabados-japoneses\/wp-json\/wp\/v2\/users\/1"}],"replies":[{"embeddable":true,"href":"https:\/\/casapopenoe.ufm.edu\/grabados-japoneses\/wp-json\/wp\/v2\/comments?post=910"}],"version-history":[{"count":22,"href":"https:\/\/casapopenoe.ufm.edu\/grabados-japoneses\/wp-json\/wp\/v2\/pages\/910\/revisions"}],"predecessor-version":[{"id":1144,"href":"https:\/\/casapopenoe.ufm.edu\/grabados-japoneses\/wp-json\/wp\/v2\/pages\/910\/revisions\/1144"}],"wp:attachment":[{"href":"https:\/\/casapopenoe.ufm.edu\/grabados-japoneses\/wp-json\/wp\/v2\/media?parent=910"}],"curies":[{"name":"wp","href":"https:\/\/api.w.org\/{rel}","templated":true}]}}