{"id":413,"date":"2021-11-25T21:40:42","date_gmt":"2021-11-25T21:40:42","guid":{"rendered":"https:\/\/casapopenoe.ufm.edu\/grabados-japoneses\/?page_id=413"},"modified":"2022-02-02T20:51:18","modified_gmt":"2022-02-02T20:51:18","slug":"bibliografia-recomendada","status":"publish","type":"page","link":"https:\/\/casapopenoe.ufm.edu\/grabados-japoneses\/bibliografia-recomendada\/","title":{"rendered":"Bibliograf\u00eda recomendada"},"content":{"rendered":"\n<h2>\n\t\tBibliograf\u00eda recomendada\n\t<\/h2>\n\t<p>Brown, Kendall H. <i>Visions of Japan: Kawase Hasui&#8217;s Masterpieces<\/i>. Leiden: Hotei Publishing, 2008.<\/p>\n<p>&nbsp;<\/p>\n<p>Brown, Kendall H. y Hollis Goodall-Cristante. <i>Shin-hanga: New Prints in Modern Japan<\/i>. Los \u00c1ngeles: Los \u00c1ngeles County Museum of Art, 1996.<\/p>\n<p>&nbsp;<\/p>\n<p>Hinohara Kenji \u65e5\u91ce\u539f\u5065\u53f8. <i>Ohara Koson: Hana-saki tori-utau shij\u014d no rakuen<\/i> \u5c0f\u539f\u53e4\u90a8\uff1a\u82b1\u54b2\u304d\u9ce5\u6b4c\u3046\u7d19\u4e0a\u306e\u697d\u5712. Tokio: T\u014dky\u014d Bijutsu, 2019.<\/p>\n<p>&nbsp;<\/p>\n<p>Merritt, Helen y Nanako Yamada. <i>Guide to Modern Japanese Woodblock Prints: 1900-1975<\/i>. Honolulu: University of Hawaii Press, 1995.<\/p>\n<p>&nbsp;<\/p>\n<p>Newland, Amy, ed. <i>Hotei Encyclopedia of Japanese Woodblock Prints<\/i>. Amsterdam: Hotei Publishing, 2005.<\/p>\n<p>&nbsp;<\/p>\n<p>Nishiyama Junko \u897f\u5c71\u7d14\u5b50. <i>Shin-hanga sakuhin-sh\u016b: Natsukashii f\u016bkei he no tabi<\/i> \u65b0\u7248\u753b\u4f5c\u54c1\u96c6\uff1a\u306a\u3064\u304b\u3057\u3044\u98a8\u666f\u3078\u306e\u65c5. Tokio: T\u014dky\u014d Bijutsu, 2020.<\/p>\n<p>&nbsp;<\/p>\n<p>Takagi Rin \u9ad8\u6728\u51db. <i>Saigo no hanmoto. Ukiyo-e saik\u014d wo yume mita otoko: Watanabe Sh\u014dzabur\u014d<\/i> \u6700\u5f8c\u306e\u7248\u5143\u3002\u6d6e\u4e16\u7d75\u518d\u8208\u3092\u5922\u307f\u305f\u7537\u30fb\u6e21\u908a\u5e84\u4e09\u90ce. Tokio: K\u014ddansha, 2013.<\/p>\n<p>&nbsp;<\/p>\n<p>Uhlenbeck, Chris y Amy Newland. Ukiyo-e to Shin-hanga: The Art of Japanese Woodblock Prints. Leicester: Magna Books, 1990.<\/p>\n\n","protected":false},"excerpt":{"rendered":"<p>Bibliograf\u00eda recomendada Brown, Kendall H. Visions of Japan: Kawase Hasui&#8217;s Masterpieces. Leiden: Hotei Publishing, 2008. &nbsp; Brown, Kendall H. y Hollis Goodall-Cristante. Shin-hanga: New Prints in Modern Japan. Los \u00c1ngeles: Los \u00c1ngeles County Museum of Art, 1996. &nbsp; Hinohara Kenji \u65e5\u91ce\u539f\u5065\u53f8. Ohara Koson: Hana-saki tori-utau shij\u014d no rakuen \u5c0f\u539f\u53e4\u90a8\uff1a\u82b1\u54b2\u304d\u9ce5\u6b4c\u3046\u7d19\u4e0a\u306e\u697d\u5712. Tokio: T\u014dky\u014d Bijutsu, 2019. &nbsp; Merritt,&hellip;<\/p>\n","protected":false},"author":1,"featured_media":0,"parent":0,"menu_order":0,"comment_status":"closed","ping_status":"closed","template":"","meta":{"footnotes":""},"class_list":["post-413","page","type-page","status-publish","hentry"],"yoast_head":"<!-- This site is optimized with the Yoast SEO plugin v18.3 - https:\/\/yoast.com\/wordpress\/plugins\/seo\/ -->\n<title>Bibliograf\u00eda recomendada - El nuevo grabado japon\u00e9s (shin-hanga) en la colecci\u00f3n de la Casa Popenoe<\/title>\n<meta name=\"robots\" content=\"index, follow, max-snippet:-1, max-image-preview:large, max-video-preview:-1\" \/>\n<link rel=\"canonical\" href=\"https:\/\/casapopenoe.ufm.edu\/grabados-japoneses\/bibliografia-recomendada\/\" \/>\n<meta property=\"og:locale\" content=\"es_ES\" \/>\n<meta property=\"og:type\" content=\"article\" \/>\n<meta property=\"og:title\" content=\"Bibliograf\u00eda recomendada - El nuevo grabado japon\u00e9s (shin-hanga) en la colecci\u00f3n de la Casa Popenoe\" \/>\n<meta property=\"og:description\" content=\"Bibliograf\u00eda recomendada Brown, Kendall H. Visions of Japan: Kawase Hasui&#8217;s Masterpieces. Leiden: Hotei Publishing, 2008. &nbsp; Brown, Kendall H. y Hollis Goodall-Cristante. Shin-hanga: New Prints in Modern Japan. Los \u00c1ngeles: Los \u00c1ngeles County Museum of Art, 1996. &nbsp; Hinohara Kenji \u65e5\u91ce\u539f\u5065\u53f8. Ohara Koson: Hana-saki tori-utau shij\u014d no rakuen \u5c0f\u539f\u53e4\u90a8\uff1a\u82b1\u54b2\u304d\u9ce5\u6b4c\u3046\u7d19\u4e0a\u306e\u697d\u5712. Tokio: T\u014dky\u014d Bijutsu, 2019. &nbsp; Merritt,&hellip;\" \/>\n<meta property=\"og:url\" content=\"https:\/\/casapopenoe.ufm.edu\/grabados-japoneses\/bibliografia-recomendada\/\" \/>\n<meta property=\"og:site_name\" content=\"El nuevo grabado japon\u00e9s (shin-hanga) en la colecci\u00f3n de la Casa Popenoe\" \/>\n<meta property=\"article:modified_time\" content=\"2022-02-02T20:51:18+00:00\" \/>\n<meta name=\"twitter:card\" content=\"summary_large_image\" \/>\n<meta name=\"twitter:label1\" content=\"Tiempo de lectura\" \/>\n\t<meta name=\"twitter:data1\" content=\"1 minuto\" \/>\n<script type=\"application\/ld+json\" class=\"yoast-schema-graph\">{\"@context\":\"https:\/\/schema.org\",\"@graph\":[{\"@type\":\"WebSite\",\"@id\":\"https:\/\/casapopenoe.ufm.edu\/grabados-japoneses\/#website\",\"url\":\"https:\/\/casapopenoe.ufm.edu\/grabados-japoneses\/\",\"name\":\"El nuevo grabado japon\u00e9s (shin-hanga) en la colecci\u00f3n de la Casa Popenoe\",\"description\":\"\",\"potentialAction\":[{\"@type\":\"SearchAction\",\"target\":{\"@type\":\"EntryPoint\",\"urlTemplate\":\"https:\/\/casapopenoe.ufm.edu\/grabados-japoneses\/?s={search_term_string}\"},\"query-input\":\"required name=search_term_string\"}],\"inLanguage\":\"es\"},{\"@type\":\"WebPage\",\"@id\":\"https:\/\/casapopenoe.ufm.edu\/grabados-japoneses\/bibliografia-recomendada\/#webpage\",\"url\":\"https:\/\/casapopenoe.ufm.edu\/grabados-japoneses\/bibliografia-recomendada\/\",\"name\":\"Bibliograf\u00eda recomendada - El nuevo grabado japon\u00e9s (shin-hanga) en la colecci\u00f3n de la Casa Popenoe\",\"isPartOf\":{\"@id\":\"https:\/\/casapopenoe.ufm.edu\/grabados-japoneses\/#website\"},\"datePublished\":\"2021-11-25T21:40:42+00:00\",\"dateModified\":\"2022-02-02T20:51:18+00:00\",\"breadcrumb\":{\"@id\":\"https:\/\/casapopenoe.ufm.edu\/grabados-japoneses\/bibliografia-recomendada\/#breadcrumb\"},\"inLanguage\":\"es\",\"potentialAction\":[{\"@type\":\"ReadAction\",\"target\":[\"https:\/\/casapopenoe.ufm.edu\/grabados-japoneses\/bibliografia-recomendada\/\"]}]},{\"@type\":\"BreadcrumbList\",\"@id\":\"https:\/\/casapopenoe.ufm.edu\/grabados-japoneses\/bibliografia-recomendada\/#breadcrumb\",\"itemListElement\":[{\"@type\":\"ListItem\",\"position\":1,\"name\":\"Portada\",\"item\":\"https:\/\/casapopenoe.ufm.edu\/grabados-japoneses\/\"},{\"@type\":\"ListItem\",\"position\":2,\"name\":\"Bibliograf\u00eda recomendada\"}]}]}<\/script>\n<!-- \/ Yoast SEO plugin. -->","yoast_head_json":{"title":"Bibliograf\u00eda recomendada - El nuevo grabado japon\u00e9s (shin-hanga) en la colecci\u00f3n de la Casa Popenoe","robots":{"index":"index","follow":"follow","max-snippet":"max-snippet:-1","max-image-preview":"max-image-preview:large","max-video-preview":"max-video-preview:-1"},"canonical":"https:\/\/casapopenoe.ufm.edu\/grabados-japoneses\/bibliografia-recomendada\/","og_locale":"es_ES","og_type":"article","og_title":"Bibliograf\u00eda recomendada - El nuevo grabado japon\u00e9s (shin-hanga) en la colecci\u00f3n de la Casa Popenoe","og_description":"Bibliograf\u00eda recomendada Brown, Kendall H. Visions of Japan: Kawase Hasui&#8217;s Masterpieces. Leiden: Hotei Publishing, 2008. &nbsp; Brown, Kendall H. y Hollis Goodall-Cristante. Shin-hanga: New Prints in Modern Japan. Los \u00c1ngeles: Los \u00c1ngeles County Museum of Art, 1996. &nbsp; Hinohara Kenji \u65e5\u91ce\u539f\u5065\u53f8. Ohara Koson: Hana-saki tori-utau shij\u014d no rakuen \u5c0f\u539f\u53e4\u90a8\uff1a\u82b1\u54b2\u304d\u9ce5\u6b4c\u3046\u7d19\u4e0a\u306e\u697d\u5712. Tokio: T\u014dky\u014d Bijutsu, 2019. &nbsp; Merritt,&hellip;","og_url":"https:\/\/casapopenoe.ufm.edu\/grabados-japoneses\/bibliografia-recomendada\/","og_site_name":"El nuevo grabado japon\u00e9s (shin-hanga) en la colecci\u00f3n de la Casa Popenoe","article_modified_time":"2022-02-02T20:51:18+00:00","twitter_card":"summary_large_image","twitter_misc":{"Tiempo de lectura":"1 minuto"},"schema":{"@context":"https:\/\/schema.org","@graph":[{"@type":"WebSite","@id":"https:\/\/casapopenoe.ufm.edu\/grabados-japoneses\/#website","url":"https:\/\/casapopenoe.ufm.edu\/grabados-japoneses\/","name":"El nuevo grabado japon\u00e9s (shin-hanga) en la colecci\u00f3n de la Casa Popenoe","description":"","potentialAction":[{"@type":"SearchAction","target":{"@type":"EntryPoint","urlTemplate":"https:\/\/casapopenoe.ufm.edu\/grabados-japoneses\/?s={search_term_string}"},"query-input":"required name=search_term_string"}],"inLanguage":"es"},{"@type":"WebPage","@id":"https:\/\/casapopenoe.ufm.edu\/grabados-japoneses\/bibliografia-recomendada\/#webpage","url":"https:\/\/casapopenoe.ufm.edu\/grabados-japoneses\/bibliografia-recomendada\/","name":"Bibliograf\u00eda recomendada - El nuevo grabado japon\u00e9s (shin-hanga) en la colecci\u00f3n de la Casa Popenoe","isPartOf":{"@id":"https:\/\/casapopenoe.ufm.edu\/grabados-japoneses\/#website"},"datePublished":"2021-11-25T21:40:42+00:00","dateModified":"2022-02-02T20:51:18+00:00","breadcrumb":{"@id":"https:\/\/casapopenoe.ufm.edu\/grabados-japoneses\/bibliografia-recomendada\/#breadcrumb"},"inLanguage":"es","potentialAction":[{"@type":"ReadAction","target":["https:\/\/casapopenoe.ufm.edu\/grabados-japoneses\/bibliografia-recomendada\/"]}]},{"@type":"BreadcrumbList","@id":"https:\/\/casapopenoe.ufm.edu\/grabados-japoneses\/bibliografia-recomendada\/#breadcrumb","itemListElement":[{"@type":"ListItem","position":1,"name":"Portada","item":"https:\/\/casapopenoe.ufm.edu\/grabados-japoneses\/"},{"@type":"ListItem","position":2,"name":"Bibliograf\u00eda recomendada"}]}]}},"meta_box":[],"_links":{"self":[{"href":"https:\/\/casapopenoe.ufm.edu\/grabados-japoneses\/wp-json\/wp\/v2\/pages\/413","targetHints":{"allow":["GET"]}}],"collection":[{"href":"https:\/\/casapopenoe.ufm.edu\/grabados-japoneses\/wp-json\/wp\/v2\/pages"}],"about":[{"href":"https:\/\/casapopenoe.ufm.edu\/grabados-japoneses\/wp-json\/wp\/v2\/types\/page"}],"author":[{"embeddable":true,"href":"https:\/\/casapopenoe.ufm.edu\/grabados-japoneses\/wp-json\/wp\/v2\/users\/1"}],"replies":[{"embeddable":true,"href":"https:\/\/casapopenoe.ufm.edu\/grabados-japoneses\/wp-json\/wp\/v2\/comments?post=413"}],"version-history":[{"count":4,"href":"https:\/\/casapopenoe.ufm.edu\/grabados-japoneses\/wp-json\/wp\/v2\/pages\/413\/revisions"}],"predecessor-version":[{"id":952,"href":"https:\/\/casapopenoe.ufm.edu\/grabados-japoneses\/wp-json\/wp\/v2\/pages\/413\/revisions\/952"}],"wp:attachment":[{"href":"https:\/\/casapopenoe.ufm.edu\/grabados-japoneses\/wp-json\/wp\/v2\/media?parent=413"}],"curies":[{"name":"wp","href":"https:\/\/api.w.org\/{rel}","templated":true}]}}