{"id":311,"date":"2021-11-19T15:28:43","date_gmt":"2021-11-19T15:28:43","guid":{"rendered":"https:\/\/casapopenoe.ufm.edu\/grabados-japoneses\/?page_id=311"},"modified":"2022-03-04T17:47:17","modified_gmt":"2022-03-04T17:47:17","slug":"sala-4","status":"publish","type":"page","link":"https:\/\/casapopenoe.ufm.edu\/grabados-japoneses\/sala-4\/","title":{"rendered":"Sala 4"},"content":{"rendered":"\n<h2>\n\t\tSALA 4\n\t<\/h2>\n\t\t\t\t<a href=\"https:\/\/casapopenoe.ufm.edu\/grabados-japoneses\/wp-content\/uploads\/2021\/11\/Pop-1004-1-1-scaled.jpg\" target=\"_self\" itemprop=\"url\" rel=\"noopener\">\n\t\t\t\t<img loading=\"lazy\" decoding=\"async\" src=\"https:\/\/casapopenoe.ufm.edu\/grabados-japoneses\/wp-content\/uploads\/2021\/11\/Pop-1004-1-1-699x1024.jpg\" alt=\"&lt;a class=&quot;enlace-artista&quot; href=&quot;https:\/\/casapopenoe.ufm.edu\/grabados-japoneses\/artista\/ohara-koson-%e5%b0%8f%e5%8e%9f%e5%8f%a4%e9%82%a8-1877-1945\/&quot;&gt;Ohara Koson&lt;\/a&gt; \u5c0f\u539f\u53e4\u90a8. Sin t\u00edtulo (&lt;em&gt;P\u00e1jaro y magnolia&lt;\/em&gt;), c. 1930. Xilograf\u00eda pol\u00edcroma, 40.2 x 27 cm.\n&lt;br&gt; &lt;small&gt;Colecci\u00f3n Casa Popenoe-Universidad Francisco Marroqu\u00edn&lt;\/small&gt;\" itemprop=\"image\" height=\"1024\" width=\"699\" title=\"Pop 1004 (1) (1)\" onerror=\"this.style.display='none'\"  \/>\n\t\t\t\t<\/a>\n\t\t\t\t\t\t<a href=\"https:\/\/casapopenoe.ufm.edu\/grabados-japoneses\/artista\/ohara-koson-%e5%b0%8f%e5%8e%9f%e5%8f%a4%e9%82%a8-1877-1945\/\">Ohara Koson<\/a> \u5c0f\u539f\u53e4\u90a8. Sin t\u00edtulo (<em>P\u00e1jaro y magnolia<\/em>), c. 1930. Xilograf\u00eda pol\u00edcroma, 40.2 x 27 cm.\n<br \/> <small>Colecci\u00f3n Casa Popenoe-Universidad Francisco Marroqu\u00edn<\/small>\n\t\t\t\t<a href=\"https:\/\/casapopenoe.ufm.edu\/grabados-japoneses\/wp-content\/uploads\/2021\/11\/Pop-1005-1-scaled.jpg\" target=\"_self\" itemprop=\"url\" rel=\"noopener\">\n\t\t\t\t<img loading=\"lazy\" decoding=\"async\" src=\"https:\/\/casapopenoe.ufm.edu\/grabados-japoneses\/wp-content\/uploads\/2021\/11\/Pop-1005-1-683x1024.jpg\" alt=\"&lt;a class=&quot;enlace-artista&quot; href=&quot;https:\/\/casapopenoe.ufm.edu\/grabados-japoneses\/artista\/ohara-koson-%e5%b0%8f%e5%8e%9f%e5%8f%a4%e9%82%a8-1877-1945\/&quot;&gt;Ohara Koson&lt;\/a&gt; \u5c0f\u539f\u53e4\u90a8. Garzas en la nieve \u96ea\u306b\u767d\u9dfa, 1927. Xilograf\u00eda pol\u00edcroma, 38.7 x 26 cm.\n&lt;br&gt; &lt;small&gt;Colecci\u00f3n Casa Popenoe-Universidad Francisco Marroqu\u00edn&lt;\/small&gt;\" itemprop=\"image\" height=\"1024\" width=\"683\" title=\"Pop 1005 (1)\" onerror=\"this.style.display='none'\"  \/>\n\t\t\t\t<\/a>\n\t\t\t\t\t\t<a href=\"https:\/\/casapopenoe.ufm.edu\/grabados-japoneses\/artista\/ohara-koson-%e5%b0%8f%e5%8e%9f%e5%8f%a4%e9%82%a8-1877-1945\/\">Ohara Koson<\/a> \u5c0f\u539f\u53e4\u90a8. Garzas en la nieve \u96ea\u306b\u767d\u9dfa, 1927. Xilograf\u00eda pol\u00edcroma, 38.7 x 26 cm.\n<br \/> <small>Colecci\u00f3n Casa Popenoe-Universidad Francisco Marroqu\u00edn<\/small>\n\t\t\t\t<a href=\"https:\/\/casapopenoe.ufm.edu\/grabados-japoneses\/wp-content\/uploads\/2021\/11\/Pop-629.-Dos-cisnes-nadando-1-scaled.jpg\" target=\"_self\" itemprop=\"url\" rel=\"noopener\">\n\t\t\t\t<img loading=\"lazy\" decoding=\"async\" src=\"https:\/\/casapopenoe.ufm.edu\/grabados-japoneses\/wp-content\/uploads\/2021\/11\/Pop-629.-Dos-cisnes-nadando-1-1024x680.jpg\" alt=\"&lt;a class=&quot;enlace-artista&quot; href=&quot;https:\/\/casapopenoe.ufm.edu\/grabados-japoneses\/artista\/ohara-koson-%e5%b0%8f%e5%8e%9f%e5%8f%a4%e9%82%a8-1877-1945\/&quot;&gt;Ohara Koson&lt;\/a&gt; \u5c0f\u539f\u53e4\u90a8. Sin t\u00edtulo (&lt;em&gt;Cisnes&lt;\/em&gt;), 1928. Xilograf\u00eda pol\u00edcroma, 25 x 38.7 cm.\n&lt;br&gt; &lt;small&gt;Colecci\u00f3n Casa Popenoe-Universidad Francisco Marroqu\u00edn&lt;\/small&gt;\" itemprop=\"image\" height=\"680\" width=\"1024\" title=\"Pop 629. Dos cisnes nadando (1)\" onerror=\"this.style.display='none'\"  \/>\n\t\t\t\t<\/a>\n\t\t\t\t\t\t<a href=\"https:\/\/casapopenoe.ufm.edu\/grabados-japoneses\/artista\/ohara-koson-%e5%b0%8f%e5%8e%9f%e5%8f%a4%e9%82%a8-1877-1945\/\">Ohara Koson<\/a> \u5c0f\u539f\u53e4\u90a8. Sin t\u00edtulo (<em>Cisnes<\/em>), 1928. Xilograf\u00eda pol\u00edcroma, 25 x 38.7 cm.\n<br \/> <small>Colecci\u00f3n Casa Popenoe-Universidad Francisco Marroqu\u00edn<\/small>\n\t\t\t\t<a href=\"https:\/\/casapopenoe.ufm.edu\/grabados-japoneses\/wp-content\/uploads\/2021\/11\/Pop-993.-Garza-bajo-la-lluvia-1-scaled.jpg\" target=\"_self\" itemprop=\"url\" rel=\"noopener\">\n\t\t\t\t<img loading=\"lazy\" decoding=\"async\" src=\"https:\/\/casapopenoe.ufm.edu\/grabados-japoneses\/wp-content\/uploads\/2021\/11\/Pop-993.-Garza-bajo-la-lluvia-1-683x1024.jpg\" alt=\"&lt;a class=&quot;enlace-artista&quot; href=&quot;https:\/\/casapopenoe.ufm.edu\/grabados-japoneses\/artista\/ohara-koson-%e5%b0%8f%e5%8e%9f%e5%8f%a4%e9%82%a8-1877-1945\/&quot;&gt;Ohara Koson&lt;\/a&gt; \u5c0f\u539f\u53e4\u90a8. Sin t\u00edtulo (Garza en la lluvia), 1928. Xilograf\u00eda pol\u00edcroma, 39.3 x 27 cm.\n&lt;br&gt; &lt;small&gt;Colecci\u00f3n Casa Popenoe-Universidad Francisco Marroqu\u00edn&lt;\/small&gt;\" itemprop=\"image\" height=\"1024\" width=\"683\" title=\"Pop 993. Garza bajo la lluvia (1)\" onerror=\"this.style.display='none'\"  \/>\n\t\t\t\t<\/a>\n\t\t\t\t\t\t<a href=\"https:\/\/casapopenoe.ufm.edu\/grabados-japoneses\/artista\/ohara-koson-%e5%b0%8f%e5%8e%9f%e5%8f%a4%e9%82%a8-1877-1945\/\">Ohara Koson<\/a> \u5c0f\u539f\u53e4\u90a8. Sin t\u00edtulo (Garza en la lluvia), 1928. Xilograf\u00eda pol\u00edcroma, 39.3 x 27 cm.\n<br \/> <small>Colecci\u00f3n Casa Popenoe-Universidad Francisco Marroqu\u00edn<\/small>\n\t\t\t\t<a href=\"https:\/\/casapopenoe.ufm.edu\/grabados-japoneses\/wp-content\/uploads\/2021\/11\/Pop-992.-Dos-carpas-1-scaled.jpg\" target=\"_self\" itemprop=\"url\" rel=\"noopener\">\n\t\t\t\t<img loading=\"lazy\" decoding=\"async\" src=\"https:\/\/casapopenoe.ufm.edu\/grabados-japoneses\/wp-content\/uploads\/2021\/11\/Pop-992.-Dos-carpas-1-684x1024.jpg\" alt=\"&lt;a class=&quot;enlace-artista&quot; href=&quot;https:\/\/casapopenoe.ufm.edu\/grabados-japoneses\/artista\/ohara-koson-%e5%b0%8f%e5%8e%9f%e5%8f%a4%e9%82%a8-1877-1945\/&quot;&gt;Ohara Koson&lt;\/a&gt; \u5c0f\u539f\u53e4\u90a8. Sin t\u00edtulo (Dos carpas), 1926. Xilograf\u00eda pol\u00edcroma, 39 x 26 cm.\n&lt;br&gt; &lt;small&gt;Colecci\u00f3n Casa Popenoe-Universidad Francisco Marroqu\u00edn&lt;\/small&gt;\" itemprop=\"image\" height=\"1024\" width=\"684\" title=\"Pop 992. Dos carpas (1)\" onerror=\"this.style.display='none'\"  \/>\n\t\t\t\t<\/a>\n\t\t\t\t\t\t<a href=\"https:\/\/casapopenoe.ufm.edu\/grabados-japoneses\/artista\/ohara-koson-%e5%b0%8f%e5%8e%9f%e5%8f%a4%e9%82%a8-1877-1945\/\">Ohara Koson<\/a> \u5c0f\u539f\u53e4\u90a8. Sin t\u00edtulo (Dos carpas), 1926. Xilograf\u00eda pol\u00edcroma, 39 x 26 cm.\n<br \/> <small>Colecci\u00f3n Casa Popenoe-Universidad Francisco Marroqu\u00edn<\/small>\n\t\t\t\t<a href=\"https:\/\/casapopenoe.ufm.edu\/grabados-japoneses\/wp-content\/uploads\/2021\/11\/Pop-630.-Peces-dorados-1-scaled.jpg\" target=\"_self\" itemprop=\"url\" rel=\"noopener\">\n\t\t\t\t<img loading=\"lazy\" decoding=\"async\" src=\"https:\/\/casapopenoe.ufm.edu\/grabados-japoneses\/wp-content\/uploads\/2021\/11\/Pop-630.-Peces-dorados-1-675x1024.jpg\" alt=\"&lt;a class=&quot;enlace-artista&quot; href=&quot;https:\/\/casapopenoe.ufm.edu\/grabados-japoneses\/artista\/ohara-koson-%e5%b0%8f%e5%8e%9f%e5%8f%a4%e9%82%a8-1877-1945\/&quot;&gt;Ohara Koson&lt;\/a&gt; \u5c0f\u539f\u53e4\u90a8. Dos goldfish \u91d1\u9b5a, 1926. Xilograf\u00eda pol\u00edcroma, 39 x 26 cm.\n&lt;br&gt; &lt;small&gt;Colecci\u00f3n Casa Popenoe-Universidad Francisco Marroqu\u00edn&lt;\/small&gt;\" itemprop=\"image\" height=\"1024\" width=\"675\" title=\"Pop 630. Peces dorados (1)\" onerror=\"this.style.display='none'\"  \/>\n\t\t\t\t<\/a>\n\t\t\t\t\t\t<a href=\"https:\/\/casapopenoe.ufm.edu\/grabados-japoneses\/artista\/ohara-koson-%e5%b0%8f%e5%8e%9f%e5%8f%a4%e9%82%a8-1877-1945\/\">Ohara Koson<\/a> \u5c0f\u539f\u53e4\u90a8. Dos goldfish \u91d1\u9b5a, 1926. Xilograf\u00eda pol\u00edcroma, 39 x 26 cm.\n<br \/> <small>Colecci\u00f3n Casa Popenoe-Universidad Francisco Marroqu\u00edn<\/small>\n<h2>\n\t\tOhara Koson y el regreso<br \/> a las fuentes chinas\n\t<\/h2>\n\t<p><a href=\"https:\/\/casapopenoe.ufm.edu\/grabados-japoneses\/artista\/ohara-koson-%e5%b0%8f%e5%8e%9f%e5%8f%a4%e9%82%a8-1877-1945\/\">Ohara Koson <\/a>comienza a colaborar con el taller de <a href=\"https:\/\/casapopenoe.ufm.edu\/grabados-japoneses\/grabado-moderno\/watanabe-shozaburo-%e6%b8%a1%e8%be%ba%e5%ba%84%e4%b8%89%e9%83%8e-1885-1962\/\">Watanabe Sh\u014dzabur\u014d <\/a>en 1926. De formaci\u00f3n pintor, uno de sus temas preferidos fue el de los p\u00e1jaros y flores (conocido en japon\u00e9s como <a href=\"https:\/\/casapopenoe.ufm.edu\/grabados-japoneses\/tematica\/pajaros-y-flores\/\"><i>kach\u014d-ga<\/i><\/a>). Es este un g\u00e9nero pict\u00f3rico que se sistematiza en China durante la dinast\u00eda Tang (618-907), y que posteriormente se expande hacia Corea y Jap\u00f3n. En China este g\u00e9nero tuvo un gran \u00e9xito, no solo en los c\u00edrculos palaciegos, sino tambi\u00e9n en espacios urbanos ajenos a la corte imperial, tanto por su capacidad decorativa como por su funcionalidad como alegor\u00eda. Es hacia finales del siglo XVIII en Jap\u00f3n cuando se introduce tambi\u00e9n a la gr\u00e1fica <a href=\"https:\/\/casapopenoe.ufm.edu\/grabados-japoneses\/grabado-moderno\/el-nuevo-grabado-y-el-grabado-creativo\/\"><i>ukiyo-e<\/i><\/a>, aunque no encontramos a ning\u00fan ilustrador que se haya dedicado de manera exclusiva a esta tem\u00e1tica, no obstante el n\u00famero de im\u00e1genes de este tipo que dise\u00f1\u00f3 Hiroshige en la primera mitad del siglo XIX.<\/p>\n<p>Podemos considerar a Koson como el primer especialista moderno en este g\u00e9nero, que trabaj\u00f3 tanto en pintura como en estampas a lo largo de su vida. Sus representaciones de plantas y animales son particularmente naturalistas, si las comparamos con las de sus predecesores. En sus estampas, las zonas de color no est\u00e1n delimitadas por una l\u00ednea negra, como suced\u00eda en la xilograf\u00eda <i>ukiyo-e<\/i>, simulando as\u00ed la manera de trabajar el color de la pintura sobre seda.<\/p>\n<p>Gracias a su colaboraci\u00f3n con el taller de Watanabe, las estampas de Koson tuvieron \u00e9xito en los Estados Unidos, donde se vendieron abundantemente. Como demuestran algunas de las cartas que Helen Barsaloux intercambi\u00f3 con Watanabe, ella siempre tuvo un gran inter\u00e9s en configurar una colecci\u00f3n de obras de <i><a href=\"https:\/\/casapopenoe.ufm.edu\/grabados-japoneses\/grabado-moderno\/el-nuevo-grabado-japones\/\">shin-hanga<\/a>, <\/i>donde hubiera una representaci\u00f3n de aquellos artistas m\u00e1s relevantes para ese proyecto, de los que Koson fue uno.<\/p>\n\t\t\t<a href=\"https:\/\/casapopenoe.ufm.edu\/grabados-japoneses\/sala-3\/\" target=\"_self\" role=\"button\" rel=\"noopener\">\n\t\t\t\t\t\tSala 3\n\t\t\t\t\t<\/a>\n\t\t\t<a href=\"https:\/\/casapopenoe.ufm.edu\/grabados-japoneses\/aula-didactica\/\" target=\"_self\" role=\"button\" rel=\"noopener\">\n\t\t\t\t\t\t\tAula Did\u00e1ctica\n\t\t\t<\/a>\n\n","protected":false},"excerpt":{"rendered":"<p>SALA 4 Ohara Koson \u5c0f\u539f\u53e4\u90a8. Sin t\u00edtulo (P\u00e1jaro y magnolia), c. 1930. Xilograf\u00eda pol\u00edcroma, 40.2 x 27 cm. Colecci\u00f3n Casa Popenoe-Universidad Francisco Marroqu\u00edn Ohara Koson \u5c0f\u539f\u53e4\u90a8. Garzas en la nieve \u96ea\u306b\u767d\u9dfa, 1927. Xilograf\u00eda pol\u00edcroma, 38.7 x 26 cm. Colecci\u00f3n Casa Popenoe-Universidad Francisco Marroqu\u00edn Ohara Koson \u5c0f\u539f\u53e4\u90a8. Sin t\u00edtulo (Cisnes), 1928. Xilograf\u00eda pol\u00edcroma, 25 x 38.7&hellip;<\/p>\n","protected":false},"author":1,"featured_media":0,"parent":0,"menu_order":0,"comment_status":"closed","ping_status":"closed","template":"","meta":{"footnotes":""},"class_list":["post-311","page","type-page","status-publish","hentry"],"yoast_head":"<!-- This site is optimized with the Yoast SEO plugin v18.3 - https:\/\/yoast.com\/wordpress\/plugins\/seo\/ -->\n<title>Sala 4 - El nuevo grabado japon\u00e9s (shin-hanga) en la colecci\u00f3n de la Casa Popenoe<\/title>\n<meta name=\"robots\" content=\"index, follow, max-snippet:-1, max-image-preview:large, max-video-preview:-1\" \/>\n<link rel=\"canonical\" href=\"https:\/\/casapopenoe.ufm.edu\/grabados-japoneses\/sala-4\/\" \/>\n<meta property=\"og:locale\" content=\"es_ES\" \/>\n<meta property=\"og:type\" content=\"article\" \/>\n<meta property=\"og:title\" content=\"Sala 4 - El nuevo grabado japon\u00e9s (shin-hanga) en la colecci\u00f3n de la Casa Popenoe\" \/>\n<meta property=\"og:description\" content=\"SALA 4 Ohara Koson \u5c0f\u539f\u53e4\u90a8. Sin t\u00edtulo (P\u00e1jaro y magnolia), c. 1930. Xilograf\u00eda pol\u00edcroma, 40.2 x 27 cm. Colecci\u00f3n Casa Popenoe-Universidad Francisco Marroqu\u00edn Ohara Koson \u5c0f\u539f\u53e4\u90a8. Garzas en la nieve \u96ea\u306b\u767d\u9dfa, 1927. Xilograf\u00eda pol\u00edcroma, 38.7 x 26 cm. Colecci\u00f3n Casa Popenoe-Universidad Francisco Marroqu\u00edn Ohara Koson \u5c0f\u539f\u53e4\u90a8. Sin t\u00edtulo (Cisnes), 1928. Xilograf\u00eda pol\u00edcroma, 25 x 38.7&hellip;\" \/>\n<meta property=\"og:url\" content=\"https:\/\/casapopenoe.ufm.edu\/grabados-japoneses\/sala-4\/\" \/>\n<meta property=\"og:site_name\" content=\"El nuevo grabado japon\u00e9s (shin-hanga) en la colecci\u00f3n de la Casa Popenoe\" \/>\n<meta property=\"article:modified_time\" content=\"2022-03-04T17:47:17+00:00\" \/>\n<meta property=\"og:image\" content=\"https:\/\/casapopenoe.ufm.edu\/grabados-japoneses\/wp-content\/uploads\/2021\/11\/Pop-1004-1-1-699x1024.jpg\" \/>\n<meta name=\"twitter:card\" content=\"summary_large_image\" \/>\n<meta name=\"twitter:label1\" content=\"Tiempo de lectura\" \/>\n\t<meta name=\"twitter:data1\" content=\"2 minutos\" \/>\n<script type=\"application\/ld+json\" class=\"yoast-schema-graph\">{\"@context\":\"https:\/\/schema.org\",\"@graph\":[{\"@type\":\"WebSite\",\"@id\":\"https:\/\/casapopenoe.ufm.edu\/grabados-japoneses\/#website\",\"url\":\"https:\/\/casapopenoe.ufm.edu\/grabados-japoneses\/\",\"name\":\"El nuevo grabado japon\u00e9s (shin-hanga) en la colecci\u00f3n de la Casa Popenoe\",\"description\":\"\",\"potentialAction\":[{\"@type\":\"SearchAction\",\"target\":{\"@type\":\"EntryPoint\",\"urlTemplate\":\"https:\/\/casapopenoe.ufm.edu\/grabados-japoneses\/?s={search_term_string}\"},\"query-input\":\"required name=search_term_string\"}],\"inLanguage\":\"es\"},{\"@type\":\"ImageObject\",\"@id\":\"https:\/\/casapopenoe.ufm.edu\/grabados-japoneses\/sala-4\/#primaryimage\",\"inLanguage\":\"es\",\"url\":\"https:\/\/casapopenoe.ufm.edu\/grabados-japoneses\/wp-content\/uploads\/2021\/11\/Pop-1004-1-1-699x1024.jpg\",\"contentUrl\":\"https:\/\/casapopenoe.ufm.edu\/grabados-japoneses\/wp-content\/uploads\/2021\/11\/Pop-1004-1-1-699x1024.jpg\"},{\"@type\":\"WebPage\",\"@id\":\"https:\/\/casapopenoe.ufm.edu\/grabados-japoneses\/sala-4\/#webpage\",\"url\":\"https:\/\/casapopenoe.ufm.edu\/grabados-japoneses\/sala-4\/\",\"name\":\"Sala 4 - El nuevo grabado japon\u00e9s (shin-hanga) en la colecci\u00f3n de la Casa Popenoe\",\"isPartOf\":{\"@id\":\"https:\/\/casapopenoe.ufm.edu\/grabados-japoneses\/#website\"},\"primaryImageOfPage\":{\"@id\":\"https:\/\/casapopenoe.ufm.edu\/grabados-japoneses\/sala-4\/#primaryimage\"},\"datePublished\":\"2021-11-19T15:28:43+00:00\",\"dateModified\":\"2022-03-04T17:47:17+00:00\",\"breadcrumb\":{\"@id\":\"https:\/\/casapopenoe.ufm.edu\/grabados-japoneses\/sala-4\/#breadcrumb\"},\"inLanguage\":\"es\",\"potentialAction\":[{\"@type\":\"ReadAction\",\"target\":[\"https:\/\/casapopenoe.ufm.edu\/grabados-japoneses\/sala-4\/\"]}]},{\"@type\":\"BreadcrumbList\",\"@id\":\"https:\/\/casapopenoe.ufm.edu\/grabados-japoneses\/sala-4\/#breadcrumb\",\"itemListElement\":[{\"@type\":\"ListItem\",\"position\":1,\"name\":\"Portada\",\"item\":\"https:\/\/casapopenoe.ufm.edu\/grabados-japoneses\/\"},{\"@type\":\"ListItem\",\"position\":2,\"name\":\"Sala 4\"}]}]}<\/script>\n<!-- \/ Yoast SEO plugin. -->","yoast_head_json":{"title":"Sala 4 - El nuevo grabado japon\u00e9s (shin-hanga) en la colecci\u00f3n de la Casa Popenoe","robots":{"index":"index","follow":"follow","max-snippet":"max-snippet:-1","max-image-preview":"max-image-preview:large","max-video-preview":"max-video-preview:-1"},"canonical":"https:\/\/casapopenoe.ufm.edu\/grabados-japoneses\/sala-4\/","og_locale":"es_ES","og_type":"article","og_title":"Sala 4 - El nuevo grabado japon\u00e9s (shin-hanga) en la colecci\u00f3n de la Casa Popenoe","og_description":"SALA 4 Ohara Koson \u5c0f\u539f\u53e4\u90a8. Sin t\u00edtulo (P\u00e1jaro y magnolia), c. 1930. Xilograf\u00eda pol\u00edcroma, 40.2 x 27 cm. Colecci\u00f3n Casa Popenoe-Universidad Francisco Marroqu\u00edn Ohara Koson \u5c0f\u539f\u53e4\u90a8. Garzas en la nieve \u96ea\u306b\u767d\u9dfa, 1927. Xilograf\u00eda pol\u00edcroma, 38.7 x 26 cm. Colecci\u00f3n Casa Popenoe-Universidad Francisco Marroqu\u00edn Ohara Koson \u5c0f\u539f\u53e4\u90a8. Sin t\u00edtulo (Cisnes), 1928. Xilograf\u00eda pol\u00edcroma, 25 x 38.7&hellip;","og_url":"https:\/\/casapopenoe.ufm.edu\/grabados-japoneses\/sala-4\/","og_site_name":"El nuevo grabado japon\u00e9s (shin-hanga) en la colecci\u00f3n de la Casa Popenoe","article_modified_time":"2022-03-04T17:47:17+00:00","og_image":[{"url":"https:\/\/casapopenoe.ufm.edu\/grabados-japoneses\/wp-content\/uploads\/2021\/11\/Pop-1004-1-1-699x1024.jpg"}],"twitter_card":"summary_large_image","twitter_misc":{"Tiempo de lectura":"2 minutos"},"schema":{"@context":"https:\/\/schema.org","@graph":[{"@type":"WebSite","@id":"https:\/\/casapopenoe.ufm.edu\/grabados-japoneses\/#website","url":"https:\/\/casapopenoe.ufm.edu\/grabados-japoneses\/","name":"El nuevo grabado japon\u00e9s (shin-hanga) en la colecci\u00f3n de la Casa Popenoe","description":"","potentialAction":[{"@type":"SearchAction","target":{"@type":"EntryPoint","urlTemplate":"https:\/\/casapopenoe.ufm.edu\/grabados-japoneses\/?s={search_term_string}"},"query-input":"required name=search_term_string"}],"inLanguage":"es"},{"@type":"ImageObject","@id":"https:\/\/casapopenoe.ufm.edu\/grabados-japoneses\/sala-4\/#primaryimage","inLanguage":"es","url":"https:\/\/casapopenoe.ufm.edu\/grabados-japoneses\/wp-content\/uploads\/2021\/11\/Pop-1004-1-1-699x1024.jpg","contentUrl":"https:\/\/casapopenoe.ufm.edu\/grabados-japoneses\/wp-content\/uploads\/2021\/11\/Pop-1004-1-1-699x1024.jpg"},{"@type":"WebPage","@id":"https:\/\/casapopenoe.ufm.edu\/grabados-japoneses\/sala-4\/#webpage","url":"https:\/\/casapopenoe.ufm.edu\/grabados-japoneses\/sala-4\/","name":"Sala 4 - El nuevo grabado japon\u00e9s (shin-hanga) en la colecci\u00f3n de la Casa Popenoe","isPartOf":{"@id":"https:\/\/casapopenoe.ufm.edu\/grabados-japoneses\/#website"},"primaryImageOfPage":{"@id":"https:\/\/casapopenoe.ufm.edu\/grabados-japoneses\/sala-4\/#primaryimage"},"datePublished":"2021-11-19T15:28:43+00:00","dateModified":"2022-03-04T17:47:17+00:00","breadcrumb":{"@id":"https:\/\/casapopenoe.ufm.edu\/grabados-japoneses\/sala-4\/#breadcrumb"},"inLanguage":"es","potentialAction":[{"@type":"ReadAction","target":["https:\/\/casapopenoe.ufm.edu\/grabados-japoneses\/sala-4\/"]}]},{"@type":"BreadcrumbList","@id":"https:\/\/casapopenoe.ufm.edu\/grabados-japoneses\/sala-4\/#breadcrumb","itemListElement":[{"@type":"ListItem","position":1,"name":"Portada","item":"https:\/\/casapopenoe.ufm.edu\/grabados-japoneses\/"},{"@type":"ListItem","position":2,"name":"Sala 4"}]}]}},"meta_box":[],"_links":{"self":[{"href":"https:\/\/casapopenoe.ufm.edu\/grabados-japoneses\/wp-json\/wp\/v2\/pages\/311","targetHints":{"allow":["GET"]}}],"collection":[{"href":"https:\/\/casapopenoe.ufm.edu\/grabados-japoneses\/wp-json\/wp\/v2\/pages"}],"about":[{"href":"https:\/\/casapopenoe.ufm.edu\/grabados-japoneses\/wp-json\/wp\/v2\/types\/page"}],"author":[{"embeddable":true,"href":"https:\/\/casapopenoe.ufm.edu\/grabados-japoneses\/wp-json\/wp\/v2\/users\/1"}],"replies":[{"embeddable":true,"href":"https:\/\/casapopenoe.ufm.edu\/grabados-japoneses\/wp-json\/wp\/v2\/comments?post=311"}],"version-history":[{"count":21,"href":"https:\/\/casapopenoe.ufm.edu\/grabados-japoneses\/wp-json\/wp\/v2\/pages\/311\/revisions"}],"predecessor-version":[{"id":1094,"href":"https:\/\/casapopenoe.ufm.edu\/grabados-japoneses\/wp-json\/wp\/v2\/pages\/311\/revisions\/1094"}],"wp:attachment":[{"href":"https:\/\/casapopenoe.ufm.edu\/grabados-japoneses\/wp-json\/wp\/v2\/media?parent=311"}],"curies":[{"name":"wp","href":"https:\/\/api.w.org\/{rel}","templated":true}]}}