{"id":280,"date":"2021-11-18T18:05:28","date_gmt":"2021-11-18T18:05:28","guid":{"rendered":"https:\/\/casapopenoe.ufm.edu\/grabados-japoneses\/?page_id=280"},"modified":"2022-03-09T18:48:53","modified_gmt":"2022-03-09T18:48:53","slug":"sala-2","status":"publish","type":"page","link":"https:\/\/casapopenoe.ufm.edu\/grabados-japoneses\/sala-2\/","title":{"rendered":"Sala 2"},"content":{"rendered":"\n<h2>\n\t\tSALA 2\n\t<\/h2>\n<h2>\n\t\tEl nuevo grabado japon\u00e9s\n\t<\/h2>\n\t<p>El <i>nuevo grabado<\/i>, o <i>shin-hanga<\/i> \u65b0\u7248\u753b, fue una corriente de arte neotradicional, que se desarroll\u00f3 en Jap\u00f3n de 1915 a 1942. La estampa <a href=\"https:\/\/casapopenoe.ufm.edu\/grabados-japoneses\/grabado-moderno\/el-nuevo-grabado-y-el-grabado-creativo\/\"><i>ukiyo-e<\/i><\/a>, que hab\u00eda sido la principal y m\u00e1s popular v\u00eda de producci\u00f3n de im\u00e1genes en los dos siglos y medio anteriores, ya no gozaba de la misma fama de antes, y compet\u00eda tambi\u00e9n con nuevos medios y lenguajes pl\u00e1sticos que se importaron a Jap\u00f3n en la segunda mitad del siglo XIX. Por otro lado, estos cambios afectaron asimismo el estatus de la gr\u00e1fica, que poco a poco pas\u00f3 de ser un bien de consumo cotidiano a ser un producto exclusivo de los talleres artesanales, dirigido a un limitado n\u00famero de interesados.<\/p>\n<p>Fue tarea del editor <a href=\"https:\/\/casapopenoe.ufm.edu\/grabados-japoneses\/grabado-moderno\/watanabe-shozaburo-%e6%b8%a1%e8%be%ba%e5%ba%84%e4%b8%89%e9%83%8e-1885-1962\/\">Watanabe Sh\u014dzabur\u014d<\/a> dar forma a este movimiento. Hasta ese momento, su taller se dedicaba a producir reproducciones xilogr\u00e1ficas de <i>ukiyo-e<\/i> de autores c\u00e9lebres del pasado. En un intento de revivir la estructura del proceso creativo de las estampas <i>ukiyo-e<\/i>, caracterizado por la producci\u00f3n colaborativa, de car\u00e1cter comercial y centrada en la figura del editor, Watanabe comenz\u00f3 a congregar artistas diversos, que finalmente lo acompa\u00f1aron en esta empresa. Adem\u00e1s, su experiencia previa con la exportaci\u00f3n de arte al extranjero le permiti\u00f3 dise\u00f1ar estrategias de distribuci\u00f3n internacional de sus estampas, por lo que un n\u00famero considerable de obras de la corriente del <i>nuevo grabado<\/i> se vendieron en otros pa\u00edses y no en Jap\u00f3n precisamente.<\/p>\n<p>Adem\u00e1s de ofrecer aspectos novedosos a nivel t\u00e9cnico -como, por ejemplo, encontrar soluciones para simular recursos propios de la pintura o la acuarela en el medio xilogr\u00e1fico-, Watanabe se apropi\u00f3 de varios de los temas por excelencia del <i>ukiyo-e<\/i>, como el <a href=\"https:\/\/casapopenoe.ufm.edu\/grabados-japoneses\/tematica\/paisaje\/\">paisaje<\/a>, las <a href=\"https:\/\/casapopenoe.ufm.edu\/grabados-japoneses\/tematica\/mujeres-bellas\/\">mujeres bellas<\/a>, los <a href=\"https:\/\/casapopenoe.ufm.edu\/grabados-japoneses\/tematica\/actores-del-kabuki\/\">actores del <i>kabuki<\/i><\/a>, y los <a href=\"https:\/\/casapopenoe.ufm.edu\/grabados-japoneses\/tematica\/pajaros-y-flores\/\">p\u00e1jaros y flores<\/a>. Su \u00e9xito fue tal que otros editores siguieron su ejemplo, y los talleres de Doi, Ise Tatsu, Kat\u014d, entre otros, se sumaron tambi\u00e9n a la producci\u00f3n de <i>shin-hanga<\/i> y se abrieron a la distribuci\u00f3n internacional.<\/p>\n\t\t\t\t<a href=\"https:\/\/casapopenoe.ufm.edu\/grabados-japoneses\/wp-content\/uploads\/2021\/11\/Pop-628.-El-monte-Fuji-desde-el-lago-Kawaguchi-1-1-scaled.jpg\" target=\"_self\" itemprop=\"url\" rel=\"noopener\">\n\t\t\t\t<img loading=\"lazy\" decoding=\"async\" src=\"https:\/\/casapopenoe.ufm.edu\/grabados-japoneses\/wp-content\/uploads\/2021\/11\/Pop-628.-El-monte-Fuji-desde-el-lago-Kawaguchi-1-1-1024x693.jpg\" alt=\"&lt;a class=&quot;enlace-artista&quot; href=&quot;https:\/\/casapopenoe.ufm.edu\/grabados-japoneses\/artista\/tsuchiya-koitsu-%e5%9c%9f%e5%b1%8b%e5%85%89%e9%80%b8-1870-1949\/&quot;&gt;Tsuchiya K\u014ditsu&lt;\/a&gt; \u571f\u5c4b\u5149\u9038.&lt;br&gt; &lt;em&gt;El &lt;a class=&quot;enlace-lugar&quot; href=&quot;https:\/\/casapopenoe.ufm.edu\/grabados-japoneses\/lugar-representado\/el-lago-kawaguchi\/&quot;&gt;lago Kawaguchi&lt;\/a&gt;&lt;\/em&gt; \u6cb3\u53e3\u6e56, 1933.&lt;br&gt; Xilograf\u00eda pol\u00edcroma, 26 x 39 cm. &lt;br&gt;\n&lt;small&gt;Colecci\u00f3n Casa Popenoe-Universidad Francisco Marroqu\u00edn&lt;\/small&gt;\" itemprop=\"image\" height=\"693\" width=\"1024\" title=\"Pop 628. El monte Fuji desde el lago Kawaguchi (1) (1)\" onerror=\"this.style.display='none'\"  \/>\n\t\t\t\t<\/a>\n\t\t\t\t\t\t<a href=\"https:\/\/casapopenoe.ufm.edu\/grabados-japoneses\/artista\/tsuchiya-koitsu-%e5%9c%9f%e5%b1%8b%e5%85%89%e9%80%b8-1870-1949\/\">Tsuchiya K\u014ditsu<\/a> \u571f\u5c4b\u5149\u9038.<br \/> <em>El <a href=\"https:\/\/casapopenoe.ufm.edu\/grabados-japoneses\/lugar-representado\/el-lago-kawaguchi\/\">lago Kawaguchi<\/a><\/em> \u6cb3\u53e3\u6e56, 1933.<br \/> Xilograf\u00eda pol\u00edcroma, 26 x 39 cm. <br \/>\n<small>Colecci\u00f3n Casa Popenoe-Universidad Francisco Marroqu\u00edn<\/small>\n\t\t\t\t<a href=\"https:\/\/casapopenoe.ufm.edu\/grabados-japoneses\/wp-content\/uploads\/2021\/11\/Pop-1022-1-scaled.jpg\" target=\"_self\" itemprop=\"url\" rel=\"noopener\">\n\t\t\t\t<img loading=\"lazy\" decoding=\"async\" src=\"https:\/\/casapopenoe.ufm.edu\/grabados-japoneses\/wp-content\/uploads\/2021\/11\/Pop-1022-1-723x1024.jpg\" alt=\"&lt;a class=&quot;enlace-artista&quot; href=&quot;https:\/\/casapopenoe.ufm.edu\/grabados-japoneses\/artista\/ito-shinsui-%e4%bc%8a%e6%9d%b1%e6%b7%b1%e6%b0%b4-1898-1972\/&quot;&gt;It\u014d Shinsui&lt;\/a&gt; \u4f0a\u6771\u6df1\u6c34.&lt;br&gt; &lt;em&gt;Mujer bella con peinado marumage&lt;\/em&gt; \u4e38\u9af7\u7f8e\u4eba, 1924. &lt;br&gt;Xilograf\u00eda pol\u00edcroma, 39.5 x 27.5 cm.\n&lt;br&gt; \n&lt;small&gt;Colecci\u00f3n Casa Popenoe-Universidad Francisco Marroqu\u00edn&lt;\/small&gt;\" itemprop=\"image\" height=\"1024\" width=\"723\" title=\"Pop 1022 (1)\" onerror=\"this.style.display='none'\"  \/>\n\t\t\t\t<\/a>\n\t\t\t\t\t\t<a href=\"https:\/\/casapopenoe.ufm.edu\/grabados-japoneses\/artista\/ito-shinsui-%e4%bc%8a%e6%9d%b1%e6%b7%b1%e6%b0%b4-1898-1972\/\">It\u014d Shinsui<\/a> \u4f0a\u6771\u6df1\u6c34.<br \/> <em>Mujer bella con peinado marumage<\/em> \u4e38\u9af7\u7f8e\u4eba, 1924. <br \/>Xilograf\u00eda pol\u00edcroma, 39.5 x 27.5 cm.\n<br \/> \n<small>Colecci\u00f3n Casa Popenoe-Universidad Francisco Marroqu\u00edn<\/small>\n\t\t\t\t<a href=\"https:\/\/casapopenoe.ufm.edu\/grabados-japoneses\/wp-content\/uploads\/2021\/11\/Pop-1009-1-scaled.jpg\" target=\"_self\" itemprop=\"url\" rel=\"noopener\">\n\t\t\t\t<img loading=\"lazy\" decoding=\"async\" src=\"https:\/\/casapopenoe.ufm.edu\/grabados-japoneses\/wp-content\/uploads\/2021\/11\/Pop-1009-1-680x1024.jpg\" alt=\"&lt;a class=&quot;enlace-artista&quot; href=&quot;https:\/\/casapopenoe.ufm.edu\/grabados-japoneses\/artista\/kasamatsu-shiro-%e7%ac%a0%e6%9d%be%e7%b4%ab%e6%b5%aa-1898-1991\/&quot;&gt;Kasamatsu Shir\u014d&lt;\/a&gt; \u7b20\u677e\u7d2b\u6d6a.&lt;br&gt; &lt;em&gt;&lt;a class=&quot;enlace-lugar&quot; href=&quot;https:\/\/casapopenoe.ufm.edu\/grabados-japoneses\/lugar-representado\/shinbashi\/&quot;&gt;Shinbashi&lt;\/a&gt; bajo la lluvia&lt;\/em&gt; \u96e8\u306e\u65b0\u6a4b, 1935. &lt;br&gt;Xilograf\u00eda pol\u00edcroma, 39.3 x 26 cm.\n&lt;br&gt;\n&lt;small&gt;Colecci\u00f3n Casa Popenoe-Universidad Francisco Marroqu\u00edn&lt;\/small&gt;\" itemprop=\"image\" height=\"1024\" width=\"680\" title=\"Pop 1009 (1)\" onerror=\"this.style.display='none'\"  \/>\n\t\t\t\t<\/a>\n\t\t\t\t\t\t<a href=\"https:\/\/casapopenoe.ufm.edu\/grabados-japoneses\/artista\/kasamatsu-shiro-%e7%ac%a0%e6%9d%be%e7%b4%ab%e6%b5%aa-1898-1991\/\">Kasamatsu Shir\u014d<\/a> \u7b20\u677e\u7d2b\u6d6a.<br \/> <em><a href=\"https:\/\/casapopenoe.ufm.edu\/grabados-japoneses\/lugar-representado\/shinbashi\/\">Shinbashi<\/a> bajo la lluvia<\/em> \u96e8\u306e\u65b0\u6a4b, 1935. <br \/>Xilograf\u00eda pol\u00edcroma, 39.3 x 26 cm.\n<br \/>\n<small>Colecci\u00f3n Casa Popenoe-Universidad Francisco Marroqu\u00edn<\/small>\n\t\t\t\t<a href=\"https:\/\/casapopenoe.ufm.edu\/grabados-japoneses\/wp-content\/uploads\/2021\/11\/Pop-1007-1-scaled.jpg\" target=\"_self\" itemprop=\"url\" rel=\"noopener\">\n\t\t\t\t<img loading=\"lazy\" decoding=\"async\" src=\"https:\/\/casapopenoe.ufm.edu\/grabados-japoneses\/wp-content\/uploads\/2021\/11\/Pop-1007-1-1024x689.jpg\" alt=\"&lt;a class=&quot;enlace-artista&quot; href=&quot;https:\/\/casapopenoe.ufm.edu\/grabados-japoneses\/artista\/kawase-hasui-%e5%b7%9d%e7%80%ac%e5%b7%b4%e6%b0%b4-1883-1957\/&quot;&gt;Kawase Hasui&lt;\/a&gt; \u5ddd\u702c\u5df4\u6c34.&lt;br&gt; &lt;em&gt;El camino de &lt;a class=&quot;enlace-lugar&quot; href=&quot;https:\/\/casapopenoe.ufm.edu\/grabados-japoneses\/lugar-representado\/el-camino-de-nakayama-shichiri-en-hida\/&quot;&gt;Nakayama-Shichiri en Hida&lt;\/a&gt;&lt;\/em&gt;, de la serie &lt;em&gt;Regalos de viaje III&lt;\/em&gt;\u65c5\u307f\u3084\u3052\u4e09\u96c6\u3001\u300c\u98db\u9a28\u4e2d\u5c71\u4e03\u91cc\u300d, 1924.&lt;br&gt; Xilograf\u00eda pol\u00edcroma, 26.5 x 39.5 cm.\n&lt;br&gt;\n&lt;small&gt;Colecci\u00f3n Casa Popenoe-Universidad Francisco Marroqu\u00edn&lt;\/small&gt;\" itemprop=\"image\" height=\"689\" width=\"1024\" title=\"Pop 1007 (1)\" onerror=\"this.style.display='none'\"  \/>\n\t\t\t\t<\/a>\n\t\t\t\t\t\t<a href=\"https:\/\/casapopenoe.ufm.edu\/grabados-japoneses\/artista\/kawase-hasui-%e5%b7%9d%e7%80%ac%e5%b7%b4%e6%b0%b4-1883-1957\/\">Kawase Hasui<\/a> \u5ddd\u702c\u5df4\u6c34.<br \/> <em>El camino de <a href=\"https:\/\/casapopenoe.ufm.edu\/grabados-japoneses\/lugar-representado\/el-camino-de-nakayama-shichiri-en-hida\/\">Nakayama-Shichiri en Hida<\/a><\/em>, de la serie <em>Regalos de viaje III<\/em>\u65c5\u307f\u3084\u3052\u4e09\u96c6\u3001\u300c\u98db\u9a28\u4e2d\u5c71\u4e03\u91cc\u300d, 1924.<br \/> Xilograf\u00eda pol\u00edcroma, 26.5 x 39.5 cm.\n<br \/>\n<small>Colecci\u00f3n Casa Popenoe-Universidad Francisco Marroqu\u00edn<\/small>\n\t\t\t\t<a href=\"https:\/\/casapopenoe.ufm.edu\/grabados-japoneses\/wp-content\/uploads\/2021\/11\/Pop-1021.-Nakamura-Ganjiro-1-scaled.jpg\" target=\"_self\" itemprop=\"url\" rel=\"noopener\">\n\t\t\t\t<img loading=\"lazy\" decoding=\"async\" src=\"https:\/\/casapopenoe.ufm.edu\/grabados-japoneses\/wp-content\/uploads\/2021\/11\/Pop-1021.-Nakamura-Ganjiro-1-662x1024.jpg\" alt=\"&lt;a class=&quot;enlace-artista&quot; href=&quot;https:\/\/casapopenoe.ufm.edu\/grabados-japoneses\/artista\/yoshikawa-kanpo-%e5%90%89%e5%b7%9d%e8%a6%b3%e6%96%b9-1894-1979\/&quot;&gt;Yoshikawa Kanp\u014d&lt;\/a&gt; \u5409\u5ddd\u89b3\u65b9.&lt;br&gt; &lt;em&gt;El actor Nakamura Ganjir\u014d I como Kamiya Jihei&lt;\/em&gt; \u521d\u4ee3\u4e2d\u6751\u9d08\u6cbb\u90ce\u306e\u7d19\u5c4b\u6cbb\u5175\u885b, circa 1922.&lt;br&gt; Xilograf\u00eda pol\u00edcroma, 42 x 27.2 cm.\n&lt;br&gt;\n&lt;small&gt;Colecci\u00f3n Casa Popenoe-Universidad Francisco Marroqu\u00edn&lt;\/small&gt;\" itemprop=\"image\" height=\"1024\" width=\"662\" title=\"Pop 1021. Nakamura Ganjiro (1)\" onerror=\"this.style.display='none'\"  \/>\n\t\t\t\t<\/a>\n\t\t\t\t\t\t<a href=\"https:\/\/casapopenoe.ufm.edu\/grabados-japoneses\/artista\/yoshikawa-kanpo-%e5%90%89%e5%b7%9d%e8%a6%b3%e6%96%b9-1894-1979\/\">Yoshikawa Kanp\u014d<\/a> \u5409\u5ddd\u89b3\u65b9.<br \/> <em>El actor Nakamura Ganjir\u014d I como Kamiya Jihei<\/em> \u521d\u4ee3\u4e2d\u6751\u9d08\u6cbb\u90ce\u306e\u7d19\u5c4b\u6cbb\u5175\u885b, circa 1922.<br \/> Xilograf\u00eda pol\u00edcroma, 42 x 27.2 cm.\n<br \/>\n<small>Colecci\u00f3n Casa Popenoe-Universidad Francisco Marroqu\u00edn<\/small>\n\t\t\t\t<a href=\"https:\/\/casapopenoe.ufm.edu\/grabados-japoneses\/wp-content\/uploads\/2021\/11\/Pop-994.-Nevada-sobre-el-puente-del-Sauce-1-scaled.jpg\" target=\"_self\" itemprop=\"url\" rel=\"noopener\">\n\t\t\t\t<img loading=\"lazy\" decoding=\"async\" src=\"https:\/\/casapopenoe.ufm.edu\/grabados-japoneses\/wp-content\/uploads\/2021\/11\/Pop-994.-Nevada-sobre-el-puente-del-Sauce-1-687x1024.jpg\" alt=\"&lt;a class=&quot;enlace-artista&quot; href=&quot;https:\/\/casapopenoe.ufm.edu\/grabados-japoneses\/artista\/ohara-koson-%e5%b0%8f%e5%8e%9f%e5%8f%a4%e9%82%a8-1877-1945\/&quot;&gt;Ohara Koson&lt;\/a&gt; \u5c0f\u539f\u53e4\u90a8.&lt;br&gt; &lt;em&gt;Nieve sobre &lt;a class=&quot;enlace-lugar&quot; href=&quot;https:\/\/casapopenoe.ufm.edu\/grabados-japoneses\/lugar-representado\/yanagibashi\/&quot;&gt;Yanagibashi&lt;\/a&gt;&lt;\/em&gt; \u67f3\u6a4b\u306e\u96ea, 1927.&lt;br&gt; Xilograf\u00eda pol\u00edcroma, 38.7 x 26 cm.\n&lt;br&gt;\n&lt;small&gt;Colecci\u00f3n Casa Popenoe-Universidad Francisco Marroqu\u00edn&lt;\/small&gt;\" itemprop=\"image\" height=\"1024\" width=\"687\" title=\"Pop 994. Nevada sobre el puente del Sauce (1)\" onerror=\"this.style.display='none'\"  \/>\n\t\t\t\t<\/a>\n\t\t\t\t\t\t<a href=\"https:\/\/casapopenoe.ufm.edu\/grabados-japoneses\/artista\/ohara-koson-%e5%b0%8f%e5%8e%9f%e5%8f%a4%e9%82%a8-1877-1945\/\">Ohara Koson<\/a> \u5c0f\u539f\u53e4\u90a8.<br \/> <em>Nieve sobre <a href=\"https:\/\/casapopenoe.ufm.edu\/grabados-japoneses\/lugar-representado\/yanagibashi\/\">Yanagibashi<\/a><\/em> \u67f3\u6a4b\u306e\u96ea, 1927.<br \/> Xilograf\u00eda pol\u00edcroma, 38.7 x 26 cm.\n<br \/>\n<small>Colecci\u00f3n Casa Popenoe-Universidad Francisco Marroqu\u00edn<\/small>\n\t\t\t<a href=\"https:\/\/casapopenoe.ufm.edu\/grabados-japoneses\/sala-1\/\" target=\"_self\" role=\"button\" rel=\"noopener\">\n\t\t\t\t\t\tSala 1\n\t\t\t\t\t<\/a>\n\t\t\t<a href=\"https:\/\/casapopenoe.ufm.edu\/grabados-japoneses\/sala-3\/\" target=\"_self\" role=\"button\" rel=\"noopener\">\n\t\t\t\t\t\t\tSala 3\n\t\t\t<\/a>\n\n","protected":false},"excerpt":{"rendered":"<p>SALA 2 El nuevo grabado japon\u00e9s El nuevo grabado, o shin-hanga \u65b0\u7248\u753b, fue una corriente de arte neotradicional, que se desarroll\u00f3 en Jap\u00f3n de 1915 a 1942. La estampa ukiyo-e, que hab\u00eda sido la principal y m\u00e1s popular v\u00eda de producci\u00f3n de im\u00e1genes en los dos siglos y medio anteriores, ya no gozaba de la&hellip;<\/p>\n","protected":false},"author":1,"featured_media":0,"parent":0,"menu_order":0,"comment_status":"closed","ping_status":"closed","template":"","meta":{"footnotes":""},"class_list":["post-280","page","type-page","status-publish","hentry"],"yoast_head":"<!-- This site is optimized with the Yoast SEO plugin v18.3 - https:\/\/yoast.com\/wordpress\/plugins\/seo\/ -->\n<title>Sala 2 - El nuevo grabado japon\u00e9s (shin-hanga) en la colecci\u00f3n de la Casa Popenoe<\/title>\n<meta name=\"robots\" content=\"index, follow, max-snippet:-1, max-image-preview:large, max-video-preview:-1\" \/>\n<link rel=\"canonical\" href=\"https:\/\/casapopenoe.ufm.edu\/grabados-japoneses\/sala-2\/\" \/>\n<meta property=\"og:locale\" content=\"es_ES\" \/>\n<meta property=\"og:type\" content=\"article\" \/>\n<meta property=\"og:title\" content=\"Sala 2 - El nuevo grabado japon\u00e9s (shin-hanga) en la colecci\u00f3n de la Casa Popenoe\" \/>\n<meta property=\"og:description\" content=\"SALA 2 El nuevo grabado japon\u00e9s El nuevo grabado, o shin-hanga \u65b0\u7248\u753b, fue una corriente de arte neotradicional, que se desarroll\u00f3 en Jap\u00f3n de 1915 a 1942. La estampa ukiyo-e, que hab\u00eda sido la principal y m\u00e1s popular v\u00eda de producci\u00f3n de im\u00e1genes en los dos siglos y medio anteriores, ya no gozaba de la&hellip;\" \/>\n<meta property=\"og:url\" content=\"https:\/\/casapopenoe.ufm.edu\/grabados-japoneses\/sala-2\/\" \/>\n<meta property=\"og:site_name\" content=\"El nuevo grabado japon\u00e9s (shin-hanga) en la colecci\u00f3n de la Casa Popenoe\" \/>\n<meta property=\"article:modified_time\" content=\"2022-03-09T18:48:53+00:00\" \/>\n<meta property=\"og:image\" content=\"https:\/\/casapopenoe.ufm.edu\/grabados-japoneses\/wp-content\/uploads\/2021\/11\/Pop-628.-El-monte-Fuji-desde-el-lago-Kawaguchi-1-1-1024x693.jpg\" \/>\n<meta name=\"twitter:card\" content=\"summary_large_image\" \/>\n<meta name=\"twitter:label1\" content=\"Tiempo de lectura\" \/>\n\t<meta name=\"twitter:data1\" content=\"2 minutos\" \/>\n<script type=\"application\/ld+json\" class=\"yoast-schema-graph\">{\"@context\":\"https:\/\/schema.org\",\"@graph\":[{\"@type\":\"WebSite\",\"@id\":\"https:\/\/casapopenoe.ufm.edu\/grabados-japoneses\/#website\",\"url\":\"https:\/\/casapopenoe.ufm.edu\/grabados-japoneses\/\",\"name\":\"El nuevo grabado japon\u00e9s (shin-hanga) en la colecci\u00f3n de la Casa Popenoe\",\"description\":\"\",\"potentialAction\":[{\"@type\":\"SearchAction\",\"target\":{\"@type\":\"EntryPoint\",\"urlTemplate\":\"https:\/\/casapopenoe.ufm.edu\/grabados-japoneses\/?s={search_term_string}\"},\"query-input\":\"required name=search_term_string\"}],\"inLanguage\":\"es\"},{\"@type\":\"ImageObject\",\"@id\":\"https:\/\/casapopenoe.ufm.edu\/grabados-japoneses\/sala-2\/#primaryimage\",\"inLanguage\":\"es\",\"url\":\"https:\/\/casapopenoe.ufm.edu\/grabados-japoneses\/wp-content\/uploads\/2021\/11\/Pop-628.-El-monte-Fuji-desde-el-lago-Kawaguchi-1-1-1024x693.jpg\",\"contentUrl\":\"https:\/\/casapopenoe.ufm.edu\/grabados-japoneses\/wp-content\/uploads\/2021\/11\/Pop-628.-El-monte-Fuji-desde-el-lago-Kawaguchi-1-1-1024x693.jpg\"},{\"@type\":\"WebPage\",\"@id\":\"https:\/\/casapopenoe.ufm.edu\/grabados-japoneses\/sala-2\/#webpage\",\"url\":\"https:\/\/casapopenoe.ufm.edu\/grabados-japoneses\/sala-2\/\",\"name\":\"Sala 2 - El nuevo grabado japon\u00e9s (shin-hanga) en la colecci\u00f3n de la Casa Popenoe\",\"isPartOf\":{\"@id\":\"https:\/\/casapopenoe.ufm.edu\/grabados-japoneses\/#website\"},\"primaryImageOfPage\":{\"@id\":\"https:\/\/casapopenoe.ufm.edu\/grabados-japoneses\/sala-2\/#primaryimage\"},\"datePublished\":\"2021-11-18T18:05:28+00:00\",\"dateModified\":\"2022-03-09T18:48:53+00:00\",\"breadcrumb\":{\"@id\":\"https:\/\/casapopenoe.ufm.edu\/grabados-japoneses\/sala-2\/#breadcrumb\"},\"inLanguage\":\"es\",\"potentialAction\":[{\"@type\":\"ReadAction\",\"target\":[\"https:\/\/casapopenoe.ufm.edu\/grabados-japoneses\/sala-2\/\"]}]},{\"@type\":\"BreadcrumbList\",\"@id\":\"https:\/\/casapopenoe.ufm.edu\/grabados-japoneses\/sala-2\/#breadcrumb\",\"itemListElement\":[{\"@type\":\"ListItem\",\"position\":1,\"name\":\"Portada\",\"item\":\"https:\/\/casapopenoe.ufm.edu\/grabados-japoneses\/\"},{\"@type\":\"ListItem\",\"position\":2,\"name\":\"Sala 2\"}]}]}<\/script>\n<!-- \/ Yoast SEO plugin. -->","yoast_head_json":{"title":"Sala 2 - El nuevo grabado japon\u00e9s (shin-hanga) en la colecci\u00f3n de la Casa Popenoe","robots":{"index":"index","follow":"follow","max-snippet":"max-snippet:-1","max-image-preview":"max-image-preview:large","max-video-preview":"max-video-preview:-1"},"canonical":"https:\/\/casapopenoe.ufm.edu\/grabados-japoneses\/sala-2\/","og_locale":"es_ES","og_type":"article","og_title":"Sala 2 - El nuevo grabado japon\u00e9s (shin-hanga) en la colecci\u00f3n de la Casa Popenoe","og_description":"SALA 2 El nuevo grabado japon\u00e9s El nuevo grabado, o shin-hanga \u65b0\u7248\u753b, fue una corriente de arte neotradicional, que se desarroll\u00f3 en Jap\u00f3n de 1915 a 1942. La estampa ukiyo-e, que hab\u00eda sido la principal y m\u00e1s popular v\u00eda de producci\u00f3n de im\u00e1genes en los dos siglos y medio anteriores, ya no gozaba de la&hellip;","og_url":"https:\/\/casapopenoe.ufm.edu\/grabados-japoneses\/sala-2\/","og_site_name":"El nuevo grabado japon\u00e9s (shin-hanga) en la colecci\u00f3n de la Casa Popenoe","article_modified_time":"2022-03-09T18:48:53+00:00","og_image":[{"url":"https:\/\/casapopenoe.ufm.edu\/grabados-japoneses\/wp-content\/uploads\/2021\/11\/Pop-628.-El-monte-Fuji-desde-el-lago-Kawaguchi-1-1-1024x693.jpg"}],"twitter_card":"summary_large_image","twitter_misc":{"Tiempo de lectura":"2 minutos"},"schema":{"@context":"https:\/\/schema.org","@graph":[{"@type":"WebSite","@id":"https:\/\/casapopenoe.ufm.edu\/grabados-japoneses\/#website","url":"https:\/\/casapopenoe.ufm.edu\/grabados-japoneses\/","name":"El nuevo grabado japon\u00e9s (shin-hanga) en la colecci\u00f3n de la Casa Popenoe","description":"","potentialAction":[{"@type":"SearchAction","target":{"@type":"EntryPoint","urlTemplate":"https:\/\/casapopenoe.ufm.edu\/grabados-japoneses\/?s={search_term_string}"},"query-input":"required name=search_term_string"}],"inLanguage":"es"},{"@type":"ImageObject","@id":"https:\/\/casapopenoe.ufm.edu\/grabados-japoneses\/sala-2\/#primaryimage","inLanguage":"es","url":"https:\/\/casapopenoe.ufm.edu\/grabados-japoneses\/wp-content\/uploads\/2021\/11\/Pop-628.-El-monte-Fuji-desde-el-lago-Kawaguchi-1-1-1024x693.jpg","contentUrl":"https:\/\/casapopenoe.ufm.edu\/grabados-japoneses\/wp-content\/uploads\/2021\/11\/Pop-628.-El-monte-Fuji-desde-el-lago-Kawaguchi-1-1-1024x693.jpg"},{"@type":"WebPage","@id":"https:\/\/casapopenoe.ufm.edu\/grabados-japoneses\/sala-2\/#webpage","url":"https:\/\/casapopenoe.ufm.edu\/grabados-japoneses\/sala-2\/","name":"Sala 2 - El nuevo grabado japon\u00e9s (shin-hanga) en la colecci\u00f3n de la Casa Popenoe","isPartOf":{"@id":"https:\/\/casapopenoe.ufm.edu\/grabados-japoneses\/#website"},"primaryImageOfPage":{"@id":"https:\/\/casapopenoe.ufm.edu\/grabados-japoneses\/sala-2\/#primaryimage"},"datePublished":"2021-11-18T18:05:28+00:00","dateModified":"2022-03-09T18:48:53+00:00","breadcrumb":{"@id":"https:\/\/casapopenoe.ufm.edu\/grabados-japoneses\/sala-2\/#breadcrumb"},"inLanguage":"es","potentialAction":[{"@type":"ReadAction","target":["https:\/\/casapopenoe.ufm.edu\/grabados-japoneses\/sala-2\/"]}]},{"@type":"BreadcrumbList","@id":"https:\/\/casapopenoe.ufm.edu\/grabados-japoneses\/sala-2\/#breadcrumb","itemListElement":[{"@type":"ListItem","position":1,"name":"Portada","item":"https:\/\/casapopenoe.ufm.edu\/grabados-japoneses\/"},{"@type":"ListItem","position":2,"name":"Sala 2"}]}]}},"meta_box":[],"_links":{"self":[{"href":"https:\/\/casapopenoe.ufm.edu\/grabados-japoneses\/wp-json\/wp\/v2\/pages\/280","targetHints":{"allow":["GET"]}}],"collection":[{"href":"https:\/\/casapopenoe.ufm.edu\/grabados-japoneses\/wp-json\/wp\/v2\/pages"}],"about":[{"href":"https:\/\/casapopenoe.ufm.edu\/grabados-japoneses\/wp-json\/wp\/v2\/types\/page"}],"author":[{"embeddable":true,"href":"https:\/\/casapopenoe.ufm.edu\/grabados-japoneses\/wp-json\/wp\/v2\/users\/1"}],"replies":[{"embeddable":true,"href":"https:\/\/casapopenoe.ufm.edu\/grabados-japoneses\/wp-json\/wp\/v2\/comments?post=280"}],"version-history":[{"count":25,"href":"https:\/\/casapopenoe.ufm.edu\/grabados-japoneses\/wp-json\/wp\/v2\/pages\/280\/revisions"}],"predecessor-version":[{"id":1130,"href":"https:\/\/casapopenoe.ufm.edu\/grabados-japoneses\/wp-json\/wp\/v2\/pages\/280\/revisions\/1130"}],"wp:attachment":[{"href":"https:\/\/casapopenoe.ufm.edu\/grabados-japoneses\/wp-json\/wp\/v2\/media?parent=280"}],"curies":[{"name":"wp","href":"https:\/\/api.w.org\/{rel}","templated":true}]}}