{"id":217,"date":"2021-11-15T17:08:22","date_gmt":"2021-11-15T17:08:22","guid":{"rendered":"https:\/\/casapopenoe.ufm.edu\/grabados-japoneses\/?page_id=217"},"modified":"2022-03-09T18:48:14","modified_gmt":"2022-03-09T18:48:14","slug":"sala-1","status":"publish","type":"page","link":"https:\/\/casapopenoe.ufm.edu\/grabados-japoneses\/sala-1\/","title":{"rendered":"Sala 1"},"content":{"rendered":"\n<h2>\n\t\tSALA 1\n\t<\/h2>\n<h2>\n\t\tLa colecci\u00f3n de estampas<br \/>japonesas modernas<br \/>de la Casa Popenoe\n\t<\/h2>\n\t<p>Como se mencion\u00f3 en el texto introductorio de esta exhibici\u00f3n, fue Helen Barsaloux, segunda esposa de Wilson Popenoe, quien compr\u00f3 y configur\u00f3 lo que hoy conocemos como la colecci\u00f3n de estampas modernas japonesas que integra el acervo de la casa. A pesar de que, a trav\u00e9s de los comentarios de Helen todo parece indicar que dicha colecci\u00f3n fue al principio m\u00e1s grande, hoy est\u00e1 integrada por un total de 35 piezas, de las cuales 10 son reproducciones xilogr\u00e1ficas de estampas <a href=\"https:\/\/casapopenoe.ufm.edu\/grabados-japoneses\/grabado-moderno\/el-nuevo-grabado-y-el-grabado-creativo\/\">ukiyo-e<\/a> del siglo XVIII, y 25 piezas corresponden con la corriente del <a href=\"https:\/\/casapopenoe.ufm.edu\/grabados-japoneses\/sala-2\/\">nuevo grabado<\/a>, producidas entre los a\u00f1os 1919 y 1937.<\/p>\n<p>Durante las \u00faltimas d\u00e9cadas del siglo XIX y primeras del XX, fue muy com\u00fan que los talleres editoriales japoneses imprimieran reproducciones xilogr\u00e1ficas de artistas famosos del ukiyo-e. Ante el creciente inter\u00e9s de Occidente por esas im\u00e1genes, esta fue una manera de brindar opciones m\u00e1s accesibles en precio, lidiar con la poca disponibilidad de primeras ediciones de obras famosas en el mercado y tambi\u00e9n de favorecerse econ\u00f3micamente. Buena parte de estas reproducciones se vendieron de manera seria, dejando claro que eran reproducciones xilogr\u00e1ficas, como en el caso del taller de <a href=\"https:\/\/casapopenoe.ufm.edu\/grabados-japoneses\/grabado-moderno\/watanabe-shozaburo-%e6%b8%a1%e8%be%ba%e5%ba%84%e4%b8%89%e9%83%8e-1885-1962\/\">Watanabe<\/a> y otros, que registraban visiblemente sus sellos en ellas.<\/p>\n<p>Helen fue a Jap\u00f3n, visit\u00f3 algunos de esos talleres editoriales, mantuvo correspondencia con sus due\u00f1os, coleccion\u00f3 parte de su producci\u00f3n gr\u00e1fica y actu\u00f3 como intermediaria en la venta de estampas japonesas modernas en los Estados Unidos. As\u00ed lograba mantenerse permanentemente actualizada sobre lo que se produc\u00eda en Jap\u00f3n, como lo demuestra no solo su correspondencia, sino tambi\u00e9n alguno de los cat\u00e1logos que de los editores japoneses se conservan en la Casa Popenoe. Gracias a esta informaci\u00f3n de archivo, hoy conocemos de su dedicaci\u00f3n a importar obras, as\u00ed como su activa comunicaci\u00f3n con las casas de Watanabe, de Doi Sadaichi y de Odawara Shoten.<\/p>\n\t\t\t\t<a href=\"https:\/\/casapopenoe.ufm.edu\/grabados-japoneses\/wp-content\/uploads\/2022\/02\/403-A.jpg\" target=\"_self\" itemprop=\"url\" rel=\"noopener\">\n\t\t\t\t<img loading=\"lazy\" decoding=\"async\" src=\"https:\/\/casapopenoe.ufm.edu\/grabados-japoneses\/wp-content\/uploads\/2022\/02\/403-A-708x1024.jpg\" alt=\"&lt;span&gt;Helen Barsalaux&lt;\/span&gt;\nvistiendo un kimono,\ndurante una visita al Jap\u00f3n.\nFinales de los a\u00f1os 30.&lt;br&gt; &lt;small&gt;Archivo Casa Popenoe-Universidad Francisco Marroqu\u00edn&lt;\/small&gt;\" itemprop=\"image\" height=\"1024\" width=\"708\" title=\"403 A\" onerror=\"this.style.display='none'\"  \/>\n\t\t\t\t<\/a>\n\t\t\t\t\t\tHelen Barsalaux\nvistiendo un kimono,\ndurante una visita al Jap\u00f3n.\nFinales de los a\u00f1os 30.<br \/> <small>Archivo Casa Popenoe-Universidad Francisco Marroqu\u00edn<\/small>\n\t\t\t\t<a href=\"https:\/\/casapopenoe.ufm.edu\/grabados-japoneses\/wp-content\/uploads\/2022\/02\/Watanabe-Shozaburo-scaled.jpg\" target=\"_self\" itemprop=\"url\" rel=\"noopener\">\n\t\t\t\t<img loading=\"lazy\" decoding=\"async\" src=\"https:\/\/casapopenoe.ufm.edu\/grabados-japoneses\/wp-content\/uploads\/2022\/02\/Watanabe-Shozaburo-1024x1024.jpg\" alt=\"Fotograf\u00eda del editor\njapon\u00e9s &lt;b&gt;Watanabe Sh\u014dzabur\u014d&lt;\/b&gt;\" itemprop=\"image\" height=\"1024\" width=\"1024\" title=\"Watanabe Sh\u014dzabur\u014d\" onerror=\"this.style.display='none'\"  \/>\n\t\t\t\t<\/a>\n\t\t\t\t\t\tFotograf\u00eda del editor\njapon\u00e9s <b>Watanabe Sh\u014dzabur\u014d<\/b>\n\t\t\t\t<a href=\"https:\/\/casapopenoe.ufm.edu\/grabados-japoneses\/wp-content\/uploads\/2021\/11\/IMG_9353.png\" target=\"_self\" itemprop=\"url\" rel=\"noopener\">\n\t\t\t\t<img loading=\"lazy\" decoding=\"async\" src=\"https:\/\/casapopenoe.ufm.edu\/grabados-japoneses\/wp-content\/uploads\/2021\/11\/IMG_9353.png\" alt=\"&lt;span&gt;Vista del ba\u00f1o moderno&lt;\/span&gt; donde se encontraban expuestos los grabados anteriormente.&lt;br&gt; &lt;small&gt;Archivo Casa Popenoe-Universidad Francisco Marroqu\u00edn&lt;\/small&gt;\" itemprop=\"image\" height=\"304\" width=\"674\" title=\"IMG_9353\" onerror=\"this.style.display='none'\"  \/>\n\t\t\t\t<\/a>\n\t\t\t\t\t\tVista del ba\u00f1o moderno donde se encontraban expuestos los grabados anteriormente.<br \/> <small>Archivo Casa Popenoe-Universidad Francisco Marroqu\u00edn<\/small>\n\t\t\t\t<a href=\"https:\/\/casapopenoe.ufm.edu\/grabados-japoneses\/wp-content\/uploads\/2022\/02\/005a0001.png\" target=\"_self\" itemprop=\"url\" rel=\"noopener\">\n\t\t\t\t<img loading=\"lazy\" decoding=\"async\" src=\"https:\/\/casapopenoe.ufm.edu\/grabados-japoneses\/wp-content\/uploads\/2022\/02\/005a0001-790x1024.png\" alt=\"&lt;span&gt;Carta de Helen a Watanabe&lt;\/span&gt;.&lt;br&gt; &lt;small&gt;Archivo Casa Popenoe-Universidad Francisco Marroqu\u00edn&lt;\/small&gt;\" itemprop=\"image\" height=\"1024\" width=\"790\" title=\"005a0001\" onerror=\"this.style.display='none'\"  \/>\n\t\t\t\t<\/a>\n\t\t\t\t\t\tCarta de Helen a Watanabe.<br \/> <small>Archivo Casa Popenoe-Universidad Francisco Marroqu\u00edn<\/small>\n\t\t\t\t<a href=\"https:\/\/casapopenoe.ufm.edu\/grabados-japoneses\/wp-content\/uploads\/2022\/02\/006a0001.png\" target=\"_self\" itemprop=\"url\" rel=\"noopener\">\n\t\t\t\t<img loading=\"lazy\" decoding=\"async\" src=\"https:\/\/casapopenoe.ufm.edu\/grabados-japoneses\/wp-content\/uploads\/2022\/02\/006a0001-789x1024.png\" alt=\"&lt;span&gt;Carta de Helen a Watanabe&lt;\/span&gt;.&lt;br&gt; &lt;small&gt;Archivo Casa Popenoe-Universidad Francisco Marroqu\u00edn&lt;\/small&gt;\" itemprop=\"image\" height=\"1024\" width=\"789\" title=\"006a0001\" onerror=\"this.style.display='none'\"  \/>\n\t\t\t\t<\/a>\n\t\t\t\t\t\tCarta de Helen a Watanabe.<br \/> <small>Archivo Casa Popenoe-Universidad Francisco Marroqu\u00edn<\/small>\n\t\t\t\t<a href=\"https:\/\/casapopenoe.ufm.edu\/grabados-japoneses\/wp-content\/uploads\/2022\/03\/005.png\" target=\"_self\" itemprop=\"url\" rel=\"noopener\">\n\t\t\t\t<img loading=\"lazy\" decoding=\"async\" src=\"https:\/\/casapopenoe.ufm.edu\/grabados-japoneses\/wp-content\/uploads\/2022\/03\/005-749x1024.png\" alt=\"&lt;span&gt;Cat\u00e1logo japon\u00e9s&lt;\/span&gt;.&lt;br&gt; &lt;small&gt;Archivo Casa Popenoe-Universidad Francisco Marroqu\u00edn&lt;\/small&gt;\" itemprop=\"image\" height=\"1024\" width=\"749\" title=\"005\" onerror=\"this.style.display='none'\"  \/>\n\t\t\t\t<\/a>\n\t\t\t\t\t\tCat\u00e1logo japon\u00e9s.<br \/> <small>Archivo Casa Popenoe-Universidad Francisco Marroqu\u00edn<\/small>\n\t\t\t\t<a href=\"https:\/\/casapopenoe.ufm.edu\/grabados-japoneses\/wp-content\/uploads\/2022\/02\/004a0001.png\" target=\"_self\" itemprop=\"url\" rel=\"noopener\">\n\t\t\t\t<img loading=\"lazy\" decoding=\"async\" src=\"https:\/\/casapopenoe.ufm.edu\/grabados-japoneses\/wp-content\/uploads\/2022\/02\/004a0001-731x1024.png\" alt=\"&lt;span&gt;Carta de Watanabe a Helen&lt;\/span&gt;. &lt;br&gt; &lt;small&gt;Archivo Casa Popenoe-Universidad Francisco Marroqu\u00edn&lt;\/small&gt;\" itemprop=\"image\" height=\"1024\" width=\"731\" title=\"004a0001\" onerror=\"this.style.display='none'\"  \/>\n\t\t\t\t<\/a>\n\t\t\t\t\t\tCarta de Watanabe a Helen. <br \/> <small>Archivo Casa Popenoe-Universidad Francisco Marroqu\u00edn<\/small>\n\t\t\t\t<a href=\"https:\/\/casapopenoe.ufm.edu\/grabados-japoneses\/wp-content\/uploads\/2021\/11\/Pop-998.-Lluvia-de-primavera-sobre-el-templo-de-Gokoku-1-scaled.jpg\" target=\"_self\" itemprop=\"url\" rel=\"noopener\">\n\t\t\t\t<img loading=\"lazy\" decoding=\"async\" src=\"https:\/\/casapopenoe.ufm.edu\/grabados-japoneses\/wp-content\/uploads\/2021\/11\/Pop-998.-Lluvia-de-primavera-sobre-el-templo-de-Gokoku-1-677x1024.jpg\" alt=\"&lt;a class=&quot;enlace-artista&quot; href=&quot;https:\/\/casapopenoe.ufm.edu\/grabados-japoneses\/artista\/kawase-hasui-%e5%b7%9d%e7%80%ac%e5%b7%b4%e6%b0%b4-1883-1957\/&quot;&gt;Kawase Hasui&lt;\/a&gt; \u5ddd\u702c\u5df4\u6c34.&lt;br&gt; &lt;em&gt;Lluvia primaveral en el &lt;a class=&quot;enlace-lugar&quot; href=&quot;https:\/\/casapopenoe.ufm.edu\/grabados-japoneses\/lugar-representado\/gokokuji\/&quot;&gt;Gokokuji&lt;\/a&gt;&lt;\/em&gt; \u6625\u96e8\u3001\u8b77\u56fd\u5bfa, 1932.&lt;br&gt; Xilograf\u00eda pol\u00edcroma, 39.5 x 26.5 cm.\n&lt;br&gt;&lt;small&gt;Colecci\u00f3n Casa Popenoe-Universidad Francisco Marroqu\u00edn&lt;\/small&gt;\" itemprop=\"image\" height=\"1024\" width=\"677\" title=\"Pop 998. Lluvia de primavera sobre el templo de Gokoku (1)\" onerror=\"this.style.display='none'\"  \/>\n\t\t\t\t<\/a>\n\t\t\t\t\t\t<a href=\"https:\/\/casapopenoe.ufm.edu\/grabados-japoneses\/artista\/kawase-hasui-%e5%b7%9d%e7%80%ac%e5%b7%b4%e6%b0%b4-1883-1957\/\">Kawase Hasui<\/a> \u5ddd\u702c\u5df4\u6c34.<br \/> <em>Lluvia primaveral en el <a href=\"https:\/\/casapopenoe.ufm.edu\/grabados-japoneses\/lugar-representado\/gokokuji\/\">Gokokuji<\/a><\/em> \u6625\u96e8\u3001\u8b77\u56fd\u5bfa, 1932.<br \/> Xilograf\u00eda pol\u00edcroma, 39.5 x 26.5 cm.\n<br \/><small>Colecci\u00f3n Casa Popenoe-Universidad Francisco Marroqu\u00edn<\/small>\n\t\t\t\t<a href=\"https:\/\/casapopenoe.ufm.edu\/grabados-japoneses\/wp-content\/uploads\/2021\/11\/Pop-1018-1-scaled.jpg\" target=\"_self\" itemprop=\"url\" rel=\"noopener\">\n\t\t\t\t<img loading=\"lazy\" decoding=\"async\" src=\"https:\/\/casapopenoe.ufm.edu\/grabados-japoneses\/wp-content\/uploads\/2021\/11\/Pop-1018-1-691x1024.jpg\" alt=\"Basada en T\u014dsh\u016bsai Sharaku \u6771\u6d32\u658e\u5199\u697d.&lt;br&gt; &lt;em&gt;El actor Sawamura S\u014dj\u016br\u014d III como \u014cgishi Kurando&lt;\/em&gt; \u4e09\u4ee3\u76ee\u6ca2\u6751\u5b97\u5341\u90ce\u306e\u5927\u5cb8\u8535\u4eba, s. XX.&lt;br&gt; Reproducci\u00f3n xilogr\u00e1fica de obra del siglo XVIII, 37 x 25 cm.\n&lt;br&gt;&lt;small&gt;Colecci\u00f3n Casa Popenoe-Universidad Francisco Marroqu\u00edn&lt;\/small&gt;\" itemprop=\"image\" height=\"1024\" width=\"691\" title=\"Pop 1018 (1)\" onerror=\"this.style.display='none'\"  \/>\n\t\t\t\t<\/a>\n\t\t\t\t\t\tBasada en T\u014dsh\u016bsai Sharaku \u6771\u6d32\u658e\u5199\u697d.<br \/> <em>El actor Sawamura S\u014dj\u016br\u014d III como \u014cgishi Kurando<\/em> \u4e09\u4ee3\u76ee\u6ca2\u6751\u5b97\u5341\u90ce\u306e\u5927\u5cb8\u8535\u4eba, s. XX.<br \/> Reproducci\u00f3n xilogr\u00e1fica de obra del siglo XVIII, 37 x 25 cm.\n<br \/><small>Colecci\u00f3n Casa Popenoe-Universidad Francisco Marroqu\u00edn<\/small>\n\t\t\t\t<a href=\"https:\/\/casapopenoe.ufm.edu\/grabados-japoneses\/wp-content\/uploads\/2021\/11\/Pop-1000.-La-puerta-de-Dainam-en-Mudken-1-scaled.jpg\" target=\"_self\" itemprop=\"url\" rel=\"noopener\">\n\t\t\t\t<img loading=\"lazy\" decoding=\"async\" src=\"https:\/\/casapopenoe.ufm.edu\/grabados-japoneses\/wp-content\/uploads\/2021\/11\/Pop-1000.-La-puerta-de-Dainam-en-Mudken-1-1024x676.jpg\" alt=\"&lt;a class=&quot;enlace-artista&quot; href=&quot;https:\/\/casapopenoe.ufm.edu\/grabados-japoneses\/artista\/yoshida-hiroshi-%e5%90%89%e7%94%b0%e5%8d%9a-1876-1950\/&quot;&gt;Yoshida Hiroshi&lt;\/a&gt; \u5409\u7530\u535a.&lt;br&gt; &lt;em&gt;La &lt;a class=&quot;enlace-lugar&quot; href=&quot;https:\/\/casapopenoe.ufm.edu\/grabados-japoneses\/lugar-representado\/la-gran-puerta-del-sur-en-mukden\/&quot;&gt;Gran Puerta del Sur en Mukden&lt;\/a&gt;&lt;\/em&gt; \u5949\u5929\u5927\u5357\u9580, 1937.&lt;br&gt; Xilograf\u00eda pol\u00edcroma, 27 x 40.4 cm.\n&lt;br&gt;&lt;small&gt;Colecci\u00f3n Casa Popenoe-Universidad Francisco Marroqu\u00edn&lt;\/small&gt;\" itemprop=\"image\" height=\"676\" width=\"1024\" title=\"Pop 1000. La puerta de Dainam en Mudken (1)\" onerror=\"this.style.display='none'\"  \/>\n\t\t\t\t<\/a>\n\t\t\t\t\t\t<a href=\"https:\/\/casapopenoe.ufm.edu\/grabados-japoneses\/artista\/yoshida-hiroshi-%e5%90%89%e7%94%b0%e5%8d%9a-1876-1950\/\">Yoshida Hiroshi<\/a> \u5409\u7530\u535a.<br \/> <em>La <a href=\"https:\/\/casapopenoe.ufm.edu\/grabados-japoneses\/lugar-representado\/la-gran-puerta-del-sur-en-mukden\/\">Gran Puerta del Sur en Mukden<\/a><\/em> \u5949\u5929\u5927\u5357\u9580, 1937.<br \/> Xilograf\u00eda pol\u00edcroma, 27 x 40.4 cm.\n<br \/><small>Colecci\u00f3n Casa Popenoe-Universidad Francisco Marroqu\u00edn<\/small>\n\t\t\t<a href=\"https:\/\/casapopenoe.ufm.edu\/grabados-japoneses\/sala-2\/\" target=\"_self\" role=\"button\" rel=\"noopener\">\n\t\t\t\t\t\t\tSala 2\n\t\t\t<\/a>\n\n","protected":false},"excerpt":{"rendered":"<p>SALA 1 La colecci\u00f3n de estampasjaponesas modernasde la Casa Popenoe Como se mencion\u00f3 en el texto introductorio de esta exhibici\u00f3n, fue Helen Barsaloux, segunda esposa de Wilson Popenoe, quien compr\u00f3 y configur\u00f3 lo que hoy conocemos como la colecci\u00f3n de estampas modernas japonesas que integra el acervo de la casa. A pesar de que, a&hellip;<\/p>\n","protected":false},"author":1,"featured_media":0,"parent":0,"menu_order":0,"comment_status":"closed","ping_status":"closed","template":"","meta":{"footnotes":""},"class_list":["post-217","page","type-page","status-publish","hentry"],"yoast_head":"<!-- This site is optimized with the Yoast SEO plugin v18.3 - https:\/\/yoast.com\/wordpress\/plugins\/seo\/ -->\n<title>Sala 1 - El nuevo grabado japon\u00e9s (shin-hanga) en la colecci\u00f3n de la Casa Popenoe<\/title>\n<meta name=\"robots\" content=\"index, follow, max-snippet:-1, max-image-preview:large, max-video-preview:-1\" \/>\n<link rel=\"canonical\" href=\"https:\/\/casapopenoe.ufm.edu\/grabados-japoneses\/sala-1\/\" \/>\n<meta property=\"og:locale\" content=\"es_ES\" \/>\n<meta property=\"og:type\" content=\"article\" \/>\n<meta property=\"og:title\" content=\"Sala 1 - El nuevo grabado japon\u00e9s (shin-hanga) en la colecci\u00f3n de la Casa Popenoe\" \/>\n<meta property=\"og:description\" content=\"SALA 1 La colecci\u00f3n de estampasjaponesas modernasde la Casa Popenoe Como se mencion\u00f3 en el texto introductorio de esta exhibici\u00f3n, fue Helen Barsaloux, segunda esposa de Wilson Popenoe, quien compr\u00f3 y configur\u00f3 lo que hoy conocemos como la colecci\u00f3n de estampas modernas japonesas que integra el acervo de la casa. A pesar de que, a&hellip;\" \/>\n<meta property=\"og:url\" content=\"https:\/\/casapopenoe.ufm.edu\/grabados-japoneses\/sala-1\/\" \/>\n<meta property=\"og:site_name\" content=\"El nuevo grabado japon\u00e9s (shin-hanga) en la colecci\u00f3n de la Casa Popenoe\" \/>\n<meta property=\"article:modified_time\" content=\"2022-03-09T18:48:14+00:00\" \/>\n<meta property=\"og:image\" content=\"https:\/\/casapopenoe.ufm.edu\/grabados-japoneses\/wp-content\/uploads\/2022\/02\/403-A-708x1024.jpg\" \/>\n<meta name=\"twitter:card\" content=\"summary_large_image\" \/>\n<meta name=\"twitter:label1\" content=\"Tiempo de lectura\" \/>\n\t<meta name=\"twitter:data1\" content=\"3 minutos\" \/>\n<script type=\"application\/ld+json\" class=\"yoast-schema-graph\">{\"@context\":\"https:\/\/schema.org\",\"@graph\":[{\"@type\":\"WebSite\",\"@id\":\"https:\/\/casapopenoe.ufm.edu\/grabados-japoneses\/#website\",\"url\":\"https:\/\/casapopenoe.ufm.edu\/grabados-japoneses\/\",\"name\":\"El nuevo grabado japon\u00e9s (shin-hanga) en la colecci\u00f3n de la Casa Popenoe\",\"description\":\"\",\"potentialAction\":[{\"@type\":\"SearchAction\",\"target\":{\"@type\":\"EntryPoint\",\"urlTemplate\":\"https:\/\/casapopenoe.ufm.edu\/grabados-japoneses\/?s={search_term_string}\"},\"query-input\":\"required name=search_term_string\"}],\"inLanguage\":\"es\"},{\"@type\":\"ImageObject\",\"@id\":\"https:\/\/casapopenoe.ufm.edu\/grabados-japoneses\/sala-1\/#primaryimage\",\"inLanguage\":\"es\",\"url\":\"https:\/\/casapopenoe.ufm.edu\/grabados-japoneses\/wp-content\/uploads\/2022\/02\/403-A.jpg\",\"contentUrl\":\"https:\/\/casapopenoe.ufm.edu\/grabados-japoneses\/wp-content\/uploads\/2022\/02\/403-A.jpg\",\"width\":1312,\"height\":1897,\"caption\":\"Helen Barsalaux vistiendo un kimono, durante una visita al Jap\u00f3n. Finales de los a\u00f1os 30. Archivo Casa Popenoe-Universidad Francisco Marroqu\u00edn\"},{\"@type\":\"WebPage\",\"@id\":\"https:\/\/casapopenoe.ufm.edu\/grabados-japoneses\/sala-1\/#webpage\",\"url\":\"https:\/\/casapopenoe.ufm.edu\/grabados-japoneses\/sala-1\/\",\"name\":\"Sala 1 - El nuevo grabado japon\u00e9s (shin-hanga) en la colecci\u00f3n de la Casa Popenoe\",\"isPartOf\":{\"@id\":\"https:\/\/casapopenoe.ufm.edu\/grabados-japoneses\/#website\"},\"primaryImageOfPage\":{\"@id\":\"https:\/\/casapopenoe.ufm.edu\/grabados-japoneses\/sala-1\/#primaryimage\"},\"datePublished\":\"2021-11-15T17:08:22+00:00\",\"dateModified\":\"2022-03-09T18:48:14+00:00\",\"breadcrumb\":{\"@id\":\"https:\/\/casapopenoe.ufm.edu\/grabados-japoneses\/sala-1\/#breadcrumb\"},\"inLanguage\":\"es\",\"potentialAction\":[{\"@type\":\"ReadAction\",\"target\":[\"https:\/\/casapopenoe.ufm.edu\/grabados-japoneses\/sala-1\/\"]}]},{\"@type\":\"BreadcrumbList\",\"@id\":\"https:\/\/casapopenoe.ufm.edu\/grabados-japoneses\/sala-1\/#breadcrumb\",\"itemListElement\":[{\"@type\":\"ListItem\",\"position\":1,\"name\":\"Portada\",\"item\":\"https:\/\/casapopenoe.ufm.edu\/grabados-japoneses\/\"},{\"@type\":\"ListItem\",\"position\":2,\"name\":\"Sala 1\"}]}]}<\/script>\n<!-- \/ Yoast SEO plugin. -->","yoast_head_json":{"title":"Sala 1 - El nuevo grabado japon\u00e9s (shin-hanga) en la colecci\u00f3n de la Casa Popenoe","robots":{"index":"index","follow":"follow","max-snippet":"max-snippet:-1","max-image-preview":"max-image-preview:large","max-video-preview":"max-video-preview:-1"},"canonical":"https:\/\/casapopenoe.ufm.edu\/grabados-japoneses\/sala-1\/","og_locale":"es_ES","og_type":"article","og_title":"Sala 1 - El nuevo grabado japon\u00e9s (shin-hanga) en la colecci\u00f3n de la Casa Popenoe","og_description":"SALA 1 La colecci\u00f3n de estampasjaponesas modernasde la Casa Popenoe Como se mencion\u00f3 en el texto introductorio de esta exhibici\u00f3n, fue Helen Barsaloux, segunda esposa de Wilson Popenoe, quien compr\u00f3 y configur\u00f3 lo que hoy conocemos como la colecci\u00f3n de estampas modernas japonesas que integra el acervo de la casa. A pesar de que, a&hellip;","og_url":"https:\/\/casapopenoe.ufm.edu\/grabados-japoneses\/sala-1\/","og_site_name":"El nuevo grabado japon\u00e9s (shin-hanga) en la colecci\u00f3n de la Casa Popenoe","article_modified_time":"2022-03-09T18:48:14+00:00","og_image":[{"url":"https:\/\/casapopenoe.ufm.edu\/grabados-japoneses\/wp-content\/uploads\/2022\/02\/403-A-708x1024.jpg"}],"twitter_card":"summary_large_image","twitter_misc":{"Tiempo de lectura":"3 minutos"},"schema":{"@context":"https:\/\/schema.org","@graph":[{"@type":"WebSite","@id":"https:\/\/casapopenoe.ufm.edu\/grabados-japoneses\/#website","url":"https:\/\/casapopenoe.ufm.edu\/grabados-japoneses\/","name":"El nuevo grabado japon\u00e9s (shin-hanga) en la colecci\u00f3n de la Casa Popenoe","description":"","potentialAction":[{"@type":"SearchAction","target":{"@type":"EntryPoint","urlTemplate":"https:\/\/casapopenoe.ufm.edu\/grabados-japoneses\/?s={search_term_string}"},"query-input":"required name=search_term_string"}],"inLanguage":"es"},{"@type":"ImageObject","@id":"https:\/\/casapopenoe.ufm.edu\/grabados-japoneses\/sala-1\/#primaryimage","inLanguage":"es","url":"https:\/\/casapopenoe.ufm.edu\/grabados-japoneses\/wp-content\/uploads\/2022\/02\/403-A.jpg","contentUrl":"https:\/\/casapopenoe.ufm.edu\/grabados-japoneses\/wp-content\/uploads\/2022\/02\/403-A.jpg","width":1312,"height":1897,"caption":"Helen Barsalaux vistiendo un kimono, durante una visita al Jap\u00f3n. Finales de los a\u00f1os 30. Archivo Casa Popenoe-Universidad Francisco Marroqu\u00edn"},{"@type":"WebPage","@id":"https:\/\/casapopenoe.ufm.edu\/grabados-japoneses\/sala-1\/#webpage","url":"https:\/\/casapopenoe.ufm.edu\/grabados-japoneses\/sala-1\/","name":"Sala 1 - El nuevo grabado japon\u00e9s (shin-hanga) en la colecci\u00f3n de la Casa Popenoe","isPartOf":{"@id":"https:\/\/casapopenoe.ufm.edu\/grabados-japoneses\/#website"},"primaryImageOfPage":{"@id":"https:\/\/casapopenoe.ufm.edu\/grabados-japoneses\/sala-1\/#primaryimage"},"datePublished":"2021-11-15T17:08:22+00:00","dateModified":"2022-03-09T18:48:14+00:00","breadcrumb":{"@id":"https:\/\/casapopenoe.ufm.edu\/grabados-japoneses\/sala-1\/#breadcrumb"},"inLanguage":"es","potentialAction":[{"@type":"ReadAction","target":["https:\/\/casapopenoe.ufm.edu\/grabados-japoneses\/sala-1\/"]}]},{"@type":"BreadcrumbList","@id":"https:\/\/casapopenoe.ufm.edu\/grabados-japoneses\/sala-1\/#breadcrumb","itemListElement":[{"@type":"ListItem","position":1,"name":"Portada","item":"https:\/\/casapopenoe.ufm.edu\/grabados-japoneses\/"},{"@type":"ListItem","position":2,"name":"Sala 1"}]}]}},"meta_box":[],"_links":{"self":[{"href":"https:\/\/casapopenoe.ufm.edu\/grabados-japoneses\/wp-json\/wp\/v2\/pages\/217","targetHints":{"allow":["GET"]}}],"collection":[{"href":"https:\/\/casapopenoe.ufm.edu\/grabados-japoneses\/wp-json\/wp\/v2\/pages"}],"about":[{"href":"https:\/\/casapopenoe.ufm.edu\/grabados-japoneses\/wp-json\/wp\/v2\/types\/page"}],"author":[{"embeddable":true,"href":"https:\/\/casapopenoe.ufm.edu\/grabados-japoneses\/wp-json\/wp\/v2\/users\/1"}],"replies":[{"embeddable":true,"href":"https:\/\/casapopenoe.ufm.edu\/grabados-japoneses\/wp-json\/wp\/v2\/comments?post=217"}],"version-history":[{"count":84,"href":"https:\/\/casapopenoe.ufm.edu\/grabados-japoneses\/wp-json\/wp\/v2\/pages\/217\/revisions"}],"predecessor-version":[{"id":1129,"href":"https:\/\/casapopenoe.ufm.edu\/grabados-japoneses\/wp-json\/wp\/v2\/pages\/217\/revisions\/1129"}],"wp:attachment":[{"href":"https:\/\/casapopenoe.ufm.edu\/grabados-japoneses\/wp-json\/wp\/v2\/media?parent=217"}],"curies":[{"name":"wp","href":"https:\/\/api.w.org\/{rel}","templated":true}]}}