{"id":2217,"date":"2025-10-29T11:38:17","date_gmt":"2025-10-29T17:38:17","guid":{"rendered":"https:\/\/casapopenoe.ufm.edu\/festivalaguacate\/?page_id=2217"},"modified":"2026-03-13T16:09:21","modified_gmt":"2026-03-13T22:09:21","slug":"nueva-portada","status":"publish","type":"page","link":"https:\/\/casapopenoe.ufm.edu\/festivalaguacate\/","title":{"rendered":"Festival del Aguacate"},"content":{"rendered":"\n\n\t\t\t\t<img loading=\"lazy\" decoding=\"async\" src=\"https:\/\/casapopenoe.ufm.edu\/festivalaguacate\/wp-content\/uploads\/2026\/03\/BANNER_FDA_CASAPOPENOE_UFM.png\" alt=\"BANNER_FDA_CASAPOPENOE_UFM\" itemprop=\"image\" height=\"600\" width=\"1920\" title=\"BANNER_FDA_CASAPOPENOE_UFM\" onerror=\"this.style.display='none'\"  \/>\n<h2>\n\t\t\u00a1Gracias por compartir esta experiencia con nosotros!\n\t<\/h2>\n\t<p>Te esperamos el pr\u00f3ximo a\u00f1o para probar nuevos sabores y nuevas experiencias.<\/p>\n<h2>\n\t\tGanadores\n\t<\/h2>\n\t<p>Felicidades a los participantes de la 7.a edici\u00f3n del Festival del Aguacate por su entusiasmo y creatividad en esta competencia gastron\u00f3mica. Les presentamos a los ganadores por categor\u00eda:<\/p>\n\t<p><b>Escuela culinaria\u00a0<\/b><\/p>\n<p>Primer lugar, platillo salado: <b>Academia Culinaria de las Am\u00e9ricas (ACAM)<\/b><\/p>\n<p>Primer lugar, platillo dulce: <b>Escuela Culinaria Las Margaritas<\/b><\/p>\n<p>Segundo lugar, platillo salado: <b>Escuela de Nutrici\u00f3n, Universidad Francisco Marroqu\u00edn<\/b><\/p>\n<p>Segundo lugar, platillo dulce: <b>Academia Culinaria de Guatemala<\/b><\/p>\n<p>Favorito del p\u00fablico: <b>Escuela Culinaria Las Margaritas<\/b><\/p>\n\t<p><b>M\u00e1ster chef\u00a0<\/b><\/p>\n<p>Primer lugar, platillo salado: <b>Ronald \u00c1lvarez, Hotel Casa Santo Domingo\u00a0<\/b><\/p>\n<p>Primer lugar, platillo dulce: <b>Marcos S\u00e1enz, Hotel Villa Bok\u00e9h<\/b><\/p>\n<p>Segundo lugar, platillo salado: <b>Marcos S\u00e1enz, Hotel Villa Bok\u00e9h<\/b><\/p>\n<p>Segundo lugar, platillo dulce: <b>Josu\u00e9 Alvarado, Porta Hotel Antigua<\/b><\/p>\n<p>Favorito del p\u00fablico: <b>Ronald \u00c1lvarez, Hotel Casa Santo Domingo<\/b><\/p>\n<h2>\n\t\tGaler\u00eda de fotos\n\t<\/h2>\n<h2>\n\t\tCont\u00e1ctanos\n\t<\/h2>\n\t\n<div class=\"wpcf7 no-js\" id=\"wpcf7-f1902-o1\" lang=\"en-US\" dir=\"ltr\" data-wpcf7-id=\"1902\">\n<div class=\"screen-reader-response\"><p role=\"status\" aria-live=\"polite\" aria-atomic=\"true\"><\/p> <ul><\/ul><\/div>\n<form action=\"\/festivalaguacate\/wp-json\/wp\/v2\/pages\/2217#wpcf7-f1902-o1\" method=\"post\" class=\"wpcf7-form init ifcf7_contact_form\" aria-label=\"Contact form\" novalidate=\"novalidate\" data-status=\"init\">\n<div style=\"display: none;\">\n<input type=\"hidden\" name=\"_wpcf7\" value=\"1902\" \/>\n<input type=\"hidden\" name=\"_wpcf7_version\" value=\"6.0.2\" \/>\n<input type=\"hidden\" name=\"_wpcf7_locale\" value=\"en_US\" \/>\n<input type=\"hidden\" name=\"_wpcf7_unit_tag\" value=\"wpcf7-f1902-o1\" \/>\n<input type=\"hidden\" name=\"_wpcf7_container_post\" value=\"0\" \/>\n<input type=\"hidden\" name=\"_wpcf7_posted_data_hash\" value=\"\" \/>\n<input type=\"hidden\" name=\"utm_campaign\" value=\"\" \/>\n<input type=\"hidden\" name=\"utm_content\" value=\"\" \/>\n<input type=\"hidden\" name=\"utm_id\" value=\"\" \/>\n<input type=\"hidden\" name=\"utm_medium\" value=\"\" \/>\n<input type=\"hidden\" name=\"utm_source\" value=\"\" \/>\n<input type=\"hidden\" name=\"utm_term\" value=\"\" \/>\n<\/div>\n<div class=\"ifcf7 ifcf7_hide\"><div class=\"ifcf7_form_elements\"><div class=\"borde-verde\">     <div class=\"row\">         <div class=\"col-sm-6\">             <div class=\"form-group\">             <span class=\"wpcf7-form-control-wrap ifcf7-floating-labels\" data-name=\"nombre\"><input size=\"40\" maxlength=\"400\" class=\"wpcf7-form-control wpcf7-text wpcf7-validates-as-required form-control l-form\" id=\"nombre2\" aria-required=\"true\" aria-invalid=\"false\" placeholder=\"Nombre*\" value=\"\" type=\"text\" name=\"nombre\" \/><label>Nombre*<\/label><\/span>             <\/div>         <\/div>         <div class=\"col-sm-6\">             <div class=\"form-group\">             <span class=\"wpcf7-form-control-wrap ifcf7-floating-labels\" data-name=\"apellido\"><input size=\"40\" maxlength=\"400\" class=\"wpcf7-form-control wpcf7-text wpcf7-validates-as-required form-control l-form\" id=\"apellido2\" aria-required=\"true\" aria-invalid=\"false\" placeholder=\"Apellido*\" value=\"\" type=\"text\" name=\"apellido\" \/><label>Apellido*<\/label><\/span>             <\/div>         <\/div>     <\/div>     <div class=\"row\">         <div class=\"col-sm-6\">             <div class=\"form-group\">             <span class=\"wpcf7-form-control-wrap ifcf7-floating-labels\" data-name=\"correo\"><input size=\"40\" maxlength=\"400\" class=\"wpcf7-form-control wpcf7-email wpcf7-validates-as-required wpcf7-text wpcf7-validates-as-email form-control l-form\" id=\"correo2\" aria-required=\"true\" aria-invalid=\"false\" placeholder=\"Correo electr\u00f3nico*\" value=\"\" type=\"email\" name=\"correo\" \/><label>Correo electr\u00f3nico*<\/label><\/span>             <\/div>         <\/div>         <div class=\"col-sm-6\">             <div class=\"form-group\">             <span class=\"wpcf7-form-control-wrap ifcf7-iti-floating-labels ifcf7-iti-no-flags\" data-name=\"telefono\"><input size=\"40\" maxlength=\"400\" class=\"wpcf7-form-control wpcf7-text form-control l-form ifcf7-iti\" id=\"telefono2\" aria-invalid=\"false\" placeholder=\"Tel\u00e9fono\" value=\"\" type=\"text\" name=\"telefono\" inputmode=\"numeric\" \/><input type=\"hidden\" value=\"\" name=\"iti_telefono\" class=\"ifcf7-iti-hidden\"><input class=\"ifcf7-iti-json\" name=\"iti_json_telefono\" type=\"hidden\" value=\"\"><label>Tel\u00e9fono<\/label><\/span>             <\/div>         <\/div>     <\/div>          <div class=\"row\">         <div class=\"col-sm-8\">             <div class=\"form-group\">             <span class=\"wpcf7-form-control-wrap ifcf7-floating-labels\" data-name=\"mensaje\"><textarea maxlength=\"2000\" class=\"wpcf7-form-control wpcf7-textarea wpcf7-validates-as-required form-control l-form autoresize\" id=\"mensaje2\" aria-required=\"true\" aria-invalid=\"false\" placeholder=\"Mensaje*\" name=\"mensaje\"><\/textarea><label>Mensaje*<\/label><\/span>             <\/div>         <\/div>         <div class=\"col-sm-4\">             <div class=\"form-group\">             <button class=\"wpcf7-form-control wpcf7-submit btn btn-lg btn-block inscrib2 btn-primary d-inline-flex align-items-center justify-content-center\" id=\"form-submit\" type=\"submit\" value=\"Enviar\" \/><span class=\"ifcf7-submit-value\">Enviar<\/span><span class=\"ifcf7-spinner ml-2\"><span><\/span><\/span><\/button>             <\/div>         <\/div>     <\/div>     <div class=\"wpcf7-response-output\" aria-hidden=\"true\"><\/div> <\/div><p style=\"display: none !important;\" class=\"akismet-fields-container\" data-prefix=\"_wpcf7_ak_\"><label>&#916;<textarea name=\"_wpcf7_ak_hp_textarea\" cols=\"45\" rows=\"8\" maxlength=\"100\"><\/textarea><\/label><input type=\"hidden\" id=\"ak_js_1\" name=\"_wpcf7_ak_js\" value=\"198\"\/><script>document.getElementById( \"ak_js_1\" ).setAttribute( \"value\", ( new Date() ).getTime() );<\/script><\/p><\/div><div class=\"alert alert-success ifcf7_response_output\" role=\"alert\"><\/div><\/div>\n<\/form>\n<\/div>\n\n\n","protected":false},"excerpt":{"rendered":"<p>\u00a1Gracias por compartir esta experiencia con nosotros! Te esperamos el pr\u00f3ximo a\u00f1o para probar nuevos sabores y nuevas experiencias. Ganadores Felicidades a los participantes de la 7.a edici\u00f3n del Festival del Aguacate por su entusiasmo y creatividad en esta competencia gastron\u00f3mica. Les presentamos a los ganadores por categor\u00eda: Escuela culinaria\u00a0 Primer lugar, platillo salado: Academia&hellip;<\/p>\n","protected":false},"author":1,"featured_media":2396,"parent":0,"menu_order":0,"comment_status":"closed","ping_status":"closed","template":"","meta":{"footnotes":""},"class_list":["post-2217","page","type-page","status-publish","has-post-thumbnail","hentry"],"yoast_head":"<!-- This site is optimized with the Yoast SEO plugin v24.3 - https:\/\/yoast.com\/wordpress\/plugins\/seo\/ -->\n<title>Festival del Aguacate - Festival del Aguacate<\/title>\n<meta name=\"robots\" content=\"index, follow, max-snippet:-1, max-image-preview:large, max-video-preview:-1\" \/>\n<link rel=\"canonical\" href=\"https:\/\/casapopenoe.ufm.edu\/festivalaguacate\/\" \/>\n<meta property=\"og:locale\" content=\"es_ES\" \/>\n<meta property=\"og:type\" content=\"article\" \/>\n<meta property=\"og:title\" content=\"Festival del Aguacate - Festival del Aguacate\" \/>\n<meta property=\"og:description\" content=\"\u00a1Gracias por compartir esta experiencia con nosotros! Te esperamos el pr\u00f3ximo a\u00f1o para probar nuevos sabores y nuevas experiencias. Ganadores Felicidades a los participantes de la 7.a edici\u00f3n del Festival del Aguacate por su entusiasmo y creatividad en esta competencia gastron\u00f3mica. Les presentamos a los ganadores por categor\u00eda: Escuela culinaria\u00a0 Primer lugar, platillo salado: Academia&hellip;\" \/>\n<meta property=\"og:url\" content=\"https:\/\/casapopenoe.ufm.edu\/festivalaguacate\/\" \/>\n<meta property=\"og:site_name\" content=\"Festival del Aguacate\" \/>\n<meta property=\"article:modified_time\" content=\"2026-03-13T22:09:21+00:00\" \/>\n<meta property=\"og:image\" content=\"https:\/\/casapopenoe.ufm.edu\/festivalaguacate\/wp-content\/uploads\/2025\/11\/Banner_web_Festival_del_aguacate200x200-e1762540304204.jpg\" \/>\n\t<meta property=\"og:image:width\" content=\"200\" \/>\n\t<meta property=\"og:image:height\" content=\"200\" \/>\n\t<meta property=\"og:image:type\" content=\"image\/jpeg\" \/>\n<meta name=\"twitter:card\" content=\"summary_large_image\" \/>\n<meta name=\"twitter:label1\" content=\"Tiempo de lectura\" \/>\n\t<meta name=\"twitter:data1\" content=\"5 minutos\" \/>\n<script type=\"application\/ld+json\" class=\"yoast-schema-graph\">{\"@context\":\"https:\/\/schema.org\",\"@graph\":[{\"@type\":\"WebPage\",\"@id\":\"https:\/\/casapopenoe.ufm.edu\/festivalaguacate\/\",\"url\":\"https:\/\/casapopenoe.ufm.edu\/festivalaguacate\/\",\"name\":\"Festival del Aguacate - Festival del Aguacate\",\"isPartOf\":{\"@id\":\"https:\/\/casapopenoe.ufm.edu\/festivalaguacate\/#website\"},\"primaryImageOfPage\":{\"@id\":\"https:\/\/casapopenoe.ufm.edu\/festivalaguacate\/#primaryimage\"},\"image\":{\"@id\":\"https:\/\/casapopenoe.ufm.edu\/festivalaguacate\/#primaryimage\"},\"thumbnailUrl\":\"https:\/\/casapopenoe.ufm.edu\/festivalaguacate\/wp-content\/uploads\/2025\/11\/Banner_web_Festival_del_aguacate200x200-e1762540304204.jpg\",\"datePublished\":\"2025-10-29T17:38:17+00:00\",\"dateModified\":\"2026-03-13T22:09:21+00:00\",\"breadcrumb\":{\"@id\":\"https:\/\/casapopenoe.ufm.edu\/festivalaguacate\/#breadcrumb\"},\"inLanguage\":\"es\",\"potentialAction\":[{\"@type\":\"ReadAction\",\"target\":[\"https:\/\/casapopenoe.ufm.edu\/festivalaguacate\/\"]}]},{\"@type\":\"ImageObject\",\"inLanguage\":\"es\",\"@id\":\"https:\/\/casapopenoe.ufm.edu\/festivalaguacate\/#primaryimage\",\"url\":\"https:\/\/casapopenoe.ufm.edu\/festivalaguacate\/wp-content\/uploads\/2025\/11\/Banner_web_Festival_del_aguacate200x200-e1762540304204.jpg\",\"contentUrl\":\"https:\/\/casapopenoe.ufm.edu\/festivalaguacate\/wp-content\/uploads\/2025\/11\/Banner_web_Festival_del_aguacate200x200-e1762540304204.jpg\",\"width\":200,\"height\":200},{\"@type\":\"BreadcrumbList\",\"@id\":\"https:\/\/casapopenoe.ufm.edu\/festivalaguacate\/#breadcrumb\",\"itemListElement\":[{\"@type\":\"ListItem\",\"position\":1,\"name\":\"Portada\",\"item\":\"https:\/\/casapopenoe.ufm.edu\/festivalaguacate\/\"},{\"@type\":\"ListItem\",\"position\":2,\"name\":\"Festival del Aguacate\"}]},{\"@type\":\"WebSite\",\"@id\":\"https:\/\/casapopenoe.ufm.edu\/festivalaguacate\/#website\",\"url\":\"https:\/\/casapopenoe.ufm.edu\/festivalaguacate\/\",\"name\":\"Festival del Aguacate\",\"description\":\"Universidad Francisco Marroqu\u00edn\",\"potentialAction\":[{\"@type\":\"SearchAction\",\"target\":{\"@type\":\"EntryPoint\",\"urlTemplate\":\"https:\/\/casapopenoe.ufm.edu\/festivalaguacate\/?s={search_term_string}\"},\"query-input\":{\"@type\":\"PropertyValueSpecification\",\"valueRequired\":true,\"valueName\":\"search_term_string\"}}],\"inLanguage\":\"es\"}]}<\/script>\n<!-- \/ Yoast SEO plugin. -->","yoast_head_json":{"title":"Festival del Aguacate - Festival del Aguacate","robots":{"index":"index","follow":"follow","max-snippet":"max-snippet:-1","max-image-preview":"max-image-preview:large","max-video-preview":"max-video-preview:-1"},"canonical":"https:\/\/casapopenoe.ufm.edu\/festivalaguacate\/","og_locale":"es_ES","og_type":"article","og_title":"Festival del Aguacate - Festival del Aguacate","og_description":"\u00a1Gracias por compartir esta experiencia con nosotros! Te esperamos el pr\u00f3ximo a\u00f1o para probar nuevos sabores y nuevas experiencias. Ganadores Felicidades a los participantes de la 7.a edici\u00f3n del Festival del Aguacate por su entusiasmo y creatividad en esta competencia gastron\u00f3mica. Les presentamos a los ganadores por categor\u00eda: Escuela culinaria\u00a0 Primer lugar, platillo salado: Academia&hellip;","og_url":"https:\/\/casapopenoe.ufm.edu\/festivalaguacate\/","og_site_name":"Festival del Aguacate","article_modified_time":"2026-03-13T22:09:21+00:00","og_image":[{"width":200,"height":200,"url":"https:\/\/casapopenoe.ufm.edu\/festivalaguacate\/wp-content\/uploads\/2025\/11\/Banner_web_Festival_del_aguacate200x200-e1762540304204.jpg","type":"image\/jpeg"}],"twitter_card":"summary_large_image","twitter_misc":{"Tiempo de lectura":"5 minutos"},"schema":{"@context":"https:\/\/schema.org","@graph":[{"@type":"WebPage","@id":"https:\/\/casapopenoe.ufm.edu\/festivalaguacate\/","url":"https:\/\/casapopenoe.ufm.edu\/festivalaguacate\/","name":"Festival del Aguacate - Festival del Aguacate","isPartOf":{"@id":"https:\/\/casapopenoe.ufm.edu\/festivalaguacate\/#website"},"primaryImageOfPage":{"@id":"https:\/\/casapopenoe.ufm.edu\/festivalaguacate\/#primaryimage"},"image":{"@id":"https:\/\/casapopenoe.ufm.edu\/festivalaguacate\/#primaryimage"},"thumbnailUrl":"https:\/\/casapopenoe.ufm.edu\/festivalaguacate\/wp-content\/uploads\/2025\/11\/Banner_web_Festival_del_aguacate200x200-e1762540304204.jpg","datePublished":"2025-10-29T17:38:17+00:00","dateModified":"2026-03-13T22:09:21+00:00","breadcrumb":{"@id":"https:\/\/casapopenoe.ufm.edu\/festivalaguacate\/#breadcrumb"},"inLanguage":"es","potentialAction":[{"@type":"ReadAction","target":["https:\/\/casapopenoe.ufm.edu\/festivalaguacate\/"]}]},{"@type":"ImageObject","inLanguage":"es","@id":"https:\/\/casapopenoe.ufm.edu\/festivalaguacate\/#primaryimage","url":"https:\/\/casapopenoe.ufm.edu\/festivalaguacate\/wp-content\/uploads\/2025\/11\/Banner_web_Festival_del_aguacate200x200-e1762540304204.jpg","contentUrl":"https:\/\/casapopenoe.ufm.edu\/festivalaguacate\/wp-content\/uploads\/2025\/11\/Banner_web_Festival_del_aguacate200x200-e1762540304204.jpg","width":200,"height":200},{"@type":"BreadcrumbList","@id":"https:\/\/casapopenoe.ufm.edu\/festivalaguacate\/#breadcrumb","itemListElement":[{"@type":"ListItem","position":1,"name":"Portada","item":"https:\/\/casapopenoe.ufm.edu\/festivalaguacate\/"},{"@type":"ListItem","position":2,"name":"Festival del Aguacate"}]},{"@type":"WebSite","@id":"https:\/\/casapopenoe.ufm.edu\/festivalaguacate\/#website","url":"https:\/\/casapopenoe.ufm.edu\/festivalaguacate\/","name":"Festival del Aguacate","description":"Universidad Francisco Marroqu\u00edn","potentialAction":[{"@type":"SearchAction","target":{"@type":"EntryPoint","urlTemplate":"https:\/\/casapopenoe.ufm.edu\/festivalaguacate\/?s={search_term_string}"},"query-input":{"@type":"PropertyValueSpecification","valueRequired":true,"valueName":"search_term_string"}}],"inLanguage":"es"}]}},"meta_box":[],"_links":{"self":[{"href":"https:\/\/casapopenoe.ufm.edu\/festivalaguacate\/wp-json\/wp\/v2\/pages\/2217","targetHints":{"allow":["GET"]}}],"collection":[{"href":"https:\/\/casapopenoe.ufm.edu\/festivalaguacate\/wp-json\/wp\/v2\/pages"}],"about":[{"href":"https:\/\/casapopenoe.ufm.edu\/festivalaguacate\/wp-json\/wp\/v2\/types\/page"}],"author":[{"embeddable":true,"href":"https:\/\/casapopenoe.ufm.edu\/festivalaguacate\/wp-json\/wp\/v2\/users\/1"}],"replies":[{"embeddable":true,"href":"https:\/\/casapopenoe.ufm.edu\/festivalaguacate\/wp-json\/wp\/v2\/comments?post=2217"}],"version-history":[{"count":103,"href":"https:\/\/casapopenoe.ufm.edu\/festivalaguacate\/wp-json\/wp\/v2\/pages\/2217\/revisions"}],"predecessor-version":[{"id":3545,"href":"https:\/\/casapopenoe.ufm.edu\/festivalaguacate\/wp-json\/wp\/v2\/pages\/2217\/revisions\/3545"}],"wp:featuredmedia":[{"embeddable":true,"href":"https:\/\/casapopenoe.ufm.edu\/festivalaguacate\/wp-json\/wp\/v2\/media\/2396"}],"wp:attachment":[{"href":"https:\/\/casapopenoe.ufm.edu\/festivalaguacate\/wp-json\/wp\/v2\/media?parent=2217"}],"curies":[{"name":"wp","href":"https:\/\/api.w.org\/{rel}","templated":true}]}}